{"id":319,"date":"2024-05-08T03:43:41","date_gmt":"2024-05-08T00:43:41","guid":{"rendered":"https:\/\/shop.tampere.fi\/tampereentaidemuseo\/tuote\/tyynynpaallinen-psipsina-rosetti\/"},"modified":"2026-01-06T14:02:24","modified_gmt":"2026-01-06T12:02:24","slug":"tyynynpaallinen-psipsina-rosetti","status":"publish","type":"product","link":"https:\/\/shop.tampere.fi\/tampereentaidemuseo\/tuote\/tyynynpaallinen-psipsina-rosetti\/","title":{"rendered":"Tyynynp\u00e4\u00e4llinen: Psipsina, Rosetti"},"content":{"rendered":"<p>Tuulikki Pietil\u00e4 Rosetti 1977 sarjasta Psipsina, Tampereen taidemuseo<\/p>\n<p>45 x 45 cm<\/p>\n<p>60% puuvilla, 40% polyesteri, vetoketju, kuva yhdell\u00e4 puolella<\/p>\n<p>pesu l\u00e4mpim\u00e4ll\u00e4 vedell\u00e4, kuivaus matalalla l\u00e4mm\u00f6ll\u00e4, silitys matalalla l\u00e4mm\u00f6ll\u00e4, ei saa valkaista tai kuivapest\u00e4<\/p>\n<p>Valmistettu Euroopassa<\/p>\n<p>\u00a0<\/p>\n","protected":false},"excerpt":{"rendered":"<p>Tuulikki Pietil\u00e4 Rosetti 1977 sarjasta Psipsina, Tampereen taidemuseo 45 x 45 cm 60% puuvilla, 40% polyesteri, vetoketju, kuva yhdell\u00e4 puolella pesu l\u00e4mpim\u00e4ll\u00e4 vedell\u00e4, kuivaus matalalla l\u00e4mm\u00f6ll\u00e4, silitys matalalla l\u00e4mm\u00f6ll\u00e4, ei saa valkaista tai kuivapest\u00e4 Valmistettu Euroopassa \u00a0<\/p>\n","protected":false},"featured_media":316,"template":"","meta":[],"product_brand":[],"product_cat":[32],"product_tag":[],"class_list":{"0":"post-319","1":"product","2":"type-product","3":"status-publish","4":"has-post-thumbnail","6":"product_cat-museokauppa","8":"first","9":"instock","10":"taxable","11":"shipping-taxable","12":"purchasable","13":"product-type-simple"},"_links":{"self":[{"href":"https:\/\/shop.tampere.fi\/tampereentaidemuseo\/wp-json\/wp\/v2\/product\/319","targetHints":{"allow":["GET"]}}],"collection":[{"href":"https:\/\/shop.tampere.fi\/tampereentaidemuseo\/wp-json\/wp\/v2\/product"}],"about":[{"href":"https:\/\/shop.tampere.fi\/tampereentaidemuseo\/wp-json\/wp\/v2\/types\/product"}],"wp:featuredmedia":[{"embeddable":true,"href":"https:\/\/shop.tampere.fi\/tampereentaidemuseo\/wp-json\/wp\/v2\/media\/316"}],"wp:attachment":[{"href":"https:\/\/shop.tampere.fi\/tampereentaidemuseo\/wp-json\/wp\/v2\/media?parent=319"}],"wp:term":[{"taxonomy":"product_brand","embeddable":true,"href":"https:\/\/shop.tampere.fi\/tampereentaidemuseo\/wp-json\/wp\/v2\/product_brand?post=319"},{"taxonomy":"product_cat","embeddable":true,"href":"https:\/\/shop.tampere.fi\/tampereentaidemuseo\/wp-json\/wp\/v2\/product_cat?post=319"},{"taxonomy":"product_tag","embeddable":true,"href":"https:\/\/shop.tampere.fi\/tampereentaidemuseo\/wp-json\/wp\/v2\/product_tag?post=319"}],"curies":[{"name":"wp","href":"https:\/\/api.w.org\/{rel}","templated":true}]}}