{"id":265,"date":"2024-05-08T03:43:08","date_gmt":"2024-05-08T00:43:08","guid":{"rendered":"https:\/\/shop.tampere.fi\/tampereentaidemuseo\/tuote\/frida-kahlo-pelikortit\/"},"modified":"2025-07-01T04:35:45","modified_gmt":"2025-07-01T01:35:45","slug":"frida-kahlo-pelikortit","status":"publish","type":"product","link":"https:\/\/shop.tampere.fi\/tampereentaidemuseo\/tuote\/frida-kahlo-pelikortit\/","title":{"rendered":"Frida Kahlo pelikortit"},"content":{"rendered":"<p>\u00a0<\/p>\n<p>Pakkaus sis\u00e4lt\u00e4\u00e4 54 pelikorttia joissa Frida Kahlon teoksia<\/p>\n<p>Korttien koko 63x88mm<\/p>\n<p>Ik\u00e4suositus: 8-<\/p>\n<p>Valmistaja: Piatnik, It\u00e4valta<\/p>\n","protected":false},"excerpt":{"rendered":"<p>\u00a0 Pakkaus sis\u00e4lt\u00e4\u00e4 54 pelikorttia joissa Frida Kahlon teoksia Korttien koko 63x88mm Ik\u00e4suositus: 8- Valmistaja: Piatnik, It\u00e4valta<\/p>\n","protected":false},"featured_media":262,"template":"","meta":[],"product_brand":[],"product_cat":[32],"product_tag":[],"class_list":{"0":"post-265","1":"product","2":"type-product","3":"status-publish","4":"has-post-thumbnail","6":"product_cat-museokauppa","8":"first","9":"instock","10":"taxable","11":"shipping-taxable","12":"purchasable","13":"product-type-simple"},"_links":{"self":[{"href":"https:\/\/shop.tampere.fi\/tampereentaidemuseo\/wp-json\/wp\/v2\/product\/265","targetHints":{"allow":["GET"]}}],"collection":[{"href":"https:\/\/shop.tampere.fi\/tampereentaidemuseo\/wp-json\/wp\/v2\/product"}],"about":[{"href":"https:\/\/shop.tampere.fi\/tampereentaidemuseo\/wp-json\/wp\/v2\/types\/product"}],"wp:featuredmedia":[{"embeddable":true,"href":"https:\/\/shop.tampere.fi\/tampereentaidemuseo\/wp-json\/wp\/v2\/media\/262"}],"wp:attachment":[{"href":"https:\/\/shop.tampere.fi\/tampereentaidemuseo\/wp-json\/wp\/v2\/media?parent=265"}],"wp:term":[{"taxonomy":"product_brand","embeddable":true,"href":"https:\/\/shop.tampere.fi\/tampereentaidemuseo\/wp-json\/wp\/v2\/product_brand?post=265"},{"taxonomy":"product_cat","embeddable":true,"href":"https:\/\/shop.tampere.fi\/tampereentaidemuseo\/wp-json\/wp\/v2\/product_cat?post=265"},{"taxonomy":"product_tag","embeddable":true,"href":"https:\/\/shop.tampere.fi\/tampereentaidemuseo\/wp-json\/wp\/v2\/product_tag?post=265"}],"curies":[{"name":"wp","href":"https:\/\/api.w.org\/{rel}","templated":true}]}}