{"id":217,"date":"2024-05-08T03:42:39","date_gmt":"2024-05-08T00:42:39","guid":{"rendered":"https:\/\/shop.tampere.fi\/tampereentaidemuseo\/tuote\/tyynynpaallinen-modigliani\/"},"modified":"2025-07-01T04:35:03","modified_gmt":"2025-07-01T01:35:03","slug":"tyynynpaallinen-modigliani","status":"publish","type":"product","link":"https:\/\/shop.tampere.fi\/tampereentaidemuseo\/tuote\/tyynynpaallinen-modigliani\/","title":{"rendered":"Tyynynp\u00e4\u00e4llinen: Modigliani"},"content":{"rendered":"<p>45&#215;45 cm<\/p>\n<p>Vetoketju, kudonnassa yhdistetty eri kuituja perinteikk\u00e4\u00e4ll\u00e4 jacquard-tekniikalla. Taustakangas 100% polyesteri.\u00a0<\/p>\n<p>Hienopesu, kuivaus tasaisella, ei linkousta.\u00a0<\/p>\n<p>Valmistettu Belgiassa.<\/p>\n<p>\u00a0<\/p>\n","protected":false},"excerpt":{"rendered":"<p>45&#215;45 cm Vetoketju, kudonnassa yhdistetty eri kuituja perinteikk\u00e4\u00e4ll\u00e4 jacquard-tekniikalla. Taustakangas 100% polyesteri.\u00a0 Hienopesu, kuivaus tasaisella, ei linkousta.\u00a0 Valmistettu Belgiassa. \u00a0<\/p>\n","protected":false},"featured_media":214,"template":"","meta":[],"product_brand":[],"product_cat":[32],"product_tag":[],"class_list":{"0":"post-217","1":"product","2":"type-product","3":"status-publish","4":"has-post-thumbnail","6":"product_cat-museokauppa","8":"first","9":"instock","10":"taxable","11":"shipping-taxable","12":"purchasable","13":"product-type-simple"},"_links":{"self":[{"href":"https:\/\/shop.tampere.fi\/tampereentaidemuseo\/wp-json\/wp\/v2\/product\/217","targetHints":{"allow":["GET"]}}],"collection":[{"href":"https:\/\/shop.tampere.fi\/tampereentaidemuseo\/wp-json\/wp\/v2\/product"}],"about":[{"href":"https:\/\/shop.tampere.fi\/tampereentaidemuseo\/wp-json\/wp\/v2\/types\/product"}],"wp:featuredmedia":[{"embeddable":true,"href":"https:\/\/shop.tampere.fi\/tampereentaidemuseo\/wp-json\/wp\/v2\/media\/214"}],"wp:attachment":[{"href":"https:\/\/shop.tampere.fi\/tampereentaidemuseo\/wp-json\/wp\/v2\/media?parent=217"}],"wp:term":[{"taxonomy":"product_brand","embeddable":true,"href":"https:\/\/shop.tampere.fi\/tampereentaidemuseo\/wp-json\/wp\/v2\/product_brand?post=217"},{"taxonomy":"product_cat","embeddable":true,"href":"https:\/\/shop.tampere.fi\/tampereentaidemuseo\/wp-json\/wp\/v2\/product_cat?post=217"},{"taxonomy":"product_tag","embeddable":true,"href":"https:\/\/shop.tampere.fi\/tampereentaidemuseo\/wp-json\/wp\/v2\/product_tag?post=217"}],"curies":[{"name":"wp","href":"https:\/\/api.w.org\/{rel}","templated":true}]}}