{"id":205,"date":"2024-05-08T03:42:32","date_gmt":"2024-05-08T00:42:32","guid":{"rendered":"https:\/\/shop.tampere.fi\/tampereentaidemuseo\/tuote\/tyynynpaallinen-starry-night\/"},"modified":"2026-04-09T13:00:17","modified_gmt":"2026-04-09T10:00:17","slug":"tyynynpaallinen-starry-night","status":"publish","type":"product","link":"https:\/\/shop.tampere.fi\/tampereentaidemuseo\/tuote\/tyynynpaallinen-starry-night\/","title":{"rendered":"Tyynynp\u00e4\u00e4llinen: Starry Night"},"content":{"rendered":"<p>45&#215;45 cm<\/p>\n<p>Vetoketju, kudonnassa yhdistetty eri kuituja\u00a0 perinteikk\u00e4\u00e4ll\u00e4 jacquard &#8211; tekniikalla. Taustakangas 100% polyesteri.<\/p>\n<p>Hienopesu, kuivaus tasaisella, ei linkousta.\u00a0<\/p>\n<p>Kudottu ja valmistettu\u00a0 Belgiassa.\u00a0<\/p>\n<p>\u00a0<\/p>\n","protected":false},"excerpt":{"rendered":"<p>45&#215;45 cm Vetoketju, kudonnassa yhdistetty eri kuituja\u00a0 perinteikk\u00e4\u00e4ll\u00e4 jacquard &#8211; tekniikalla. Taustakangas 100% polyesteri. Hienopesu, kuivaus tasaisella, ei linkousta.\u00a0 Kudottu ja valmistettu\u00a0 Belgiassa.\u00a0 \u00a0<\/p>\n","protected":false},"featured_media":202,"template":"","meta":[],"product_brand":[],"product_cat":[32],"product_tag":[],"class_list":{"0":"post-205","1":"product","2":"type-product","3":"status-publish","4":"has-post-thumbnail","6":"product_cat-museokauppa","8":"first","9":"instock","10":"taxable","11":"shipping-taxable","12":"purchasable","13":"product-type-simple"},"_links":{"self":[{"href":"https:\/\/shop.tampere.fi\/tampereentaidemuseo\/wp-json\/wp\/v2\/product\/205","targetHints":{"allow":["GET"]}}],"collection":[{"href":"https:\/\/shop.tampere.fi\/tampereentaidemuseo\/wp-json\/wp\/v2\/product"}],"about":[{"href":"https:\/\/shop.tampere.fi\/tampereentaidemuseo\/wp-json\/wp\/v2\/types\/product"}],"wp:featuredmedia":[{"embeddable":true,"href":"https:\/\/shop.tampere.fi\/tampereentaidemuseo\/wp-json\/wp\/v2\/media\/202"}],"wp:attachment":[{"href":"https:\/\/shop.tampere.fi\/tampereentaidemuseo\/wp-json\/wp\/v2\/media?parent=205"}],"wp:term":[{"taxonomy":"product_brand","embeddable":true,"href":"https:\/\/shop.tampere.fi\/tampereentaidemuseo\/wp-json\/wp\/v2\/product_brand?post=205"},{"taxonomy":"product_cat","embeddable":true,"href":"https:\/\/shop.tampere.fi\/tampereentaidemuseo\/wp-json\/wp\/v2\/product_cat?post=205"},{"taxonomy":"product_tag","embeddable":true,"href":"https:\/\/shop.tampere.fi\/tampereentaidemuseo\/wp-json\/wp\/v2\/product_tag?post=205"}],"curies":[{"name":"wp","href":"https:\/\/api.w.org\/{rel}","templated":true}]}}