{"id":169,"date":"2024-05-08T03:42:06","date_gmt":"2024-05-08T00:42:06","guid":{"rendered":"https:\/\/shop.tampere.fi\/tampereentaidemuseo\/tuote\/aapo-huhta\/"},"modified":"2026-01-08T14:25:59","modified_gmt":"2026-01-08T12:25:59","slug":"aapo-huhta","status":"publish","type":"product","link":"https:\/\/shop.tampere.fi\/tampereentaidemuseo\/tuote\/aapo-huhta\/","title":{"rendered":"Aapo Huhta"},"content":{"rendered":"<p>Aapo Huhdan n\u00e4yttelyjulkaisu esittelee Vuoden nuori taiteilija -n\u00e4yttelyn nelj\u00e4 valokuvasarjaa: Omatandangole (Namibia, 2016\u201318), Block (New York, 2014\u201315), A Bird In A Cage (Suomi, 2011\u201312), Encounters (Suomi, 2011\u201320) sek\u00e4 vuonna 2020 syntyneen teoskokonaisuuden. Aapo Huhdan ty\u00f6skentely keskittyy kokeelliseen dokumentarismiin ja valokuvakirjataide ja siihen liittyv\u00e4t erilaiset kokeilut ovat merkitt\u00e4v\u00e4 osa ty\u00f6skentely\u00e4.\u00a0<\/p>\n<p>\u00a0<\/p>\n<p>Julkaistu: 2020<\/p>\n<p>Julkaisija: Tampereen taidemuseo<\/p>\n<p>Kustantajat: Tampereen taidemuseo ja Aboa Vetus &amp; Ars Nova\u00a0<\/p>\n<p>Artikkelit: Helen Korpak ja Taina Myllyharju<\/p>\n<p>Kuvaus: Kovakantinen, 176 sivua\u00a0<\/p>\n<p>Kieli: suomi\/englanti\u00a0 \u00a0<\/p>\n<p>ISBN: 978-951-609-985-2<\/p>\n","protected":false},"excerpt":{"rendered":"<p>Aapo Huhdan n\u00e4yttelyjulkaisu esittelee Vuoden nuori taiteilija -n\u00e4yttelyn nelj\u00e4 valokuvasarjaa: Omatandangole (Namibia, 2016\u201318), Block (New York, 2014\u201315), A Bird In A Cage (Suomi, 2011\u201312), Encounters (Suomi, 2011\u201320) sek\u00e4 vuonna 2020 syntyneen teoskokonaisuuden. Aapo Huhdan ty\u00f6skentely keskittyy kokeelliseen dokumentarismiin ja valokuvakirjataide ja siihen liittyv\u00e4t erilaiset kokeilut ovat merkitt\u00e4v\u00e4 osa ty\u00f6skentely\u00e4.\u00a0 \u00a0 Julkaistu: 2020 Julkaisija: Tampereen taidemuseo [&hellip;]<\/p>\n","protected":false},"featured_media":166,"template":"","meta":[],"product_brand":[],"product_cat":[37],"product_tag":[],"class_list":{"0":"post-169","1":"product","2":"type-product","3":"status-publish","4":"has-post-thumbnail","6":"product_cat-kirjat","8":"first","9":"instock","10":"taxable","11":"shipping-taxable","12":"purchasable","13":"product-type-simple"},"_links":{"self":[{"href":"https:\/\/shop.tampere.fi\/tampereentaidemuseo\/wp-json\/wp\/v2\/product\/169","targetHints":{"allow":["GET"]}}],"collection":[{"href":"https:\/\/shop.tampere.fi\/tampereentaidemuseo\/wp-json\/wp\/v2\/product"}],"about":[{"href":"https:\/\/shop.tampere.fi\/tampereentaidemuseo\/wp-json\/wp\/v2\/types\/product"}],"wp:featuredmedia":[{"embeddable":true,"href":"https:\/\/shop.tampere.fi\/tampereentaidemuseo\/wp-json\/wp\/v2\/media\/166"}],"wp:attachment":[{"href":"https:\/\/shop.tampere.fi\/tampereentaidemuseo\/wp-json\/wp\/v2\/media?parent=169"}],"wp:term":[{"taxonomy":"product_brand","embeddable":true,"href":"https:\/\/shop.tampere.fi\/tampereentaidemuseo\/wp-json\/wp\/v2\/product_brand?post=169"},{"taxonomy":"product_cat","embeddable":true,"href":"https:\/\/shop.tampere.fi\/tampereentaidemuseo\/wp-json\/wp\/v2\/product_cat?post=169"},{"taxonomy":"product_tag","embeddable":true,"href":"https:\/\/shop.tampere.fi\/tampereentaidemuseo\/wp-json\/wp\/v2\/product_tag?post=169"}],"curies":[{"name":"wp","href":"https:\/\/api.w.org\/{rel}","templated":true}]}}