{"id":163,"date":"2024-05-08T03:42:02","date_gmt":"2024-05-08T00:42:02","guid":{"rendered":"https:\/\/shop.tampere.fi\/tampereentaidemuseo\/tuote\/aito-kaupunki-dokumenttiprojekti-tampere-ii\/"},"modified":"2026-01-01T05:13:33","modified_gmt":"2026-01-01T03:13:33","slug":"aito-kaupunki-dokumenttiprojekti-tampere-ii","status":"publish","type":"product","link":"https:\/\/shop.tampere.fi\/tampereentaidemuseo\/tuote\/aito-kaupunki-dokumenttiprojekti-tampere-ii\/","title":{"rendered":"AITO KAUPUNKI \u2013 DOKUMENTTIPROJEKTI TAMPERE II"},"content":{"rendered":"<p>Jari Arffmanin Aito kaupunki &#8211; True City on erilainen Tampere -kuvakirja.\u00a0<\/p>\n<p>\u00a0<\/p>\n<p>Arffmanin dokumentaarinen ote yhdistettyn\u00e4 valokuvataiteeseen n\u00e4ytt\u00e4\u00e4 kaupungin aivan uusin silmin kahdelta vuosikymmenelt\u00e4.\u00a0<\/p>\n<p>Valokuvat : Jari Arffman<\/p>\n<p>Teksti: Marita Salonen (ellei toisin mainita)<\/p>\n<p>ISBN: 978-952-94-5311-5<\/p>\n<p>Sivuja: 112<\/p>\n<p>Kieli: suomi, englanti<\/p>\n<p>Ulkoasu ja repro: Petri Kuokka\/ Aarnipaja Ky<\/p>\n<p>Julkaisija: Kulttuuritoimitus Suomi Oy<\/p>\n<p>Painopaikka: Tallinna, Eesti\u00a0<\/p>\n<p>\u00a0<\/p>\n","protected":false},"excerpt":{"rendered":"<p>Jari Arffmanin Aito kaupunki &#8211; True City on erilainen Tampere -kuvakirja.\u00a0 \u00a0 Arffmanin dokumentaarinen ote yhdistettyn\u00e4 valokuvataiteeseen n\u00e4ytt\u00e4\u00e4 kaupungin aivan uusin silmin kahdelta vuosikymmenelt\u00e4.\u00a0 Valokuvat : Jari Arffman Teksti: Marita Salonen (ellei toisin mainita) ISBN: 978-952-94-5311-5 Sivuja: 112 Kieli: suomi, englanti Ulkoasu ja repro: Petri Kuokka\/ Aarnipaja Ky Julkaisija: Kulttuuritoimitus Suomi Oy Painopaikka: Tallinna, Eesti\u00a0 [&hellip;]<\/p>\n","protected":false},"featured_media":160,"template":"","meta":[],"product_brand":[],"product_cat":[37],"product_tag":[],"class_list":{"0":"post-163","1":"product","2":"type-product","3":"status-publish","4":"has-post-thumbnail","6":"product_cat-kirjat","8":"first","9":"instock","10":"taxable","11":"shipping-taxable","12":"purchasable","13":"product-type-simple"},"_links":{"self":[{"href":"https:\/\/shop.tampere.fi\/tampereentaidemuseo\/wp-json\/wp\/v2\/product\/163","targetHints":{"allow":["GET"]}}],"collection":[{"href":"https:\/\/shop.tampere.fi\/tampereentaidemuseo\/wp-json\/wp\/v2\/product"}],"about":[{"href":"https:\/\/shop.tampere.fi\/tampereentaidemuseo\/wp-json\/wp\/v2\/types\/product"}],"wp:featuredmedia":[{"embeddable":true,"href":"https:\/\/shop.tampere.fi\/tampereentaidemuseo\/wp-json\/wp\/v2\/media\/160"}],"wp:attachment":[{"href":"https:\/\/shop.tampere.fi\/tampereentaidemuseo\/wp-json\/wp\/v2\/media?parent=163"}],"wp:term":[{"taxonomy":"product_brand","embeddable":true,"href":"https:\/\/shop.tampere.fi\/tampereentaidemuseo\/wp-json\/wp\/v2\/product_brand?post=163"},{"taxonomy":"product_cat","embeddable":true,"href":"https:\/\/shop.tampere.fi\/tampereentaidemuseo\/wp-json\/wp\/v2\/product_cat?post=163"},{"taxonomy":"product_tag","embeddable":true,"href":"https:\/\/shop.tampere.fi\/tampereentaidemuseo\/wp-json\/wp\/v2\/product_tag?post=163"}],"curies":[{"name":"wp","href":"https:\/\/api.w.org\/{rel}","templated":true}]}}