{"id":151,"date":"2024-05-08T03:41:53","date_gmt":"2024-05-08T00:41:53","guid":{"rendered":"https:\/\/shop.tampere.fi\/tampereentaidemuseo\/tuote\/kristian-krokfors-forever-young\/"},"modified":"2026-01-01T05:13:19","modified_gmt":"2026-01-01T03:13:19","slug":"kristian-krokfors-forever-young","status":"publish","type":"product","link":"https:\/\/shop.tampere.fi\/tampereentaidemuseo\/tuote\/kristian-krokfors-forever-young\/","title":{"rendered":"Kristian Krokfors: Forever Young"},"content":{"rendered":"<p>Kristian Krokfors (s. 1952) valittiin kaikkien aikojen ensimm\u00e4iseksi Vuoden nuoreksi taiteilijaksi 1985.\u00a0 Forever Young -n\u00e4yttely juhlistaa Kristian Krokforsin pitk\u00e4\u00e4 uraa 33 teoksen voimin. N\u00e4yttelyss\u00e4 on mukana maalauksia, monotypioita ja grafiikkaa. Kristian Krokfors kuuluu taiteilijoihin, jotka hiovat ilmaisuaan yh\u00e4 t\u00e4ydellisemm\u00e4ksi keskittym\u00e4ll\u00e4 tiettyyn rajattuun aihepiiriin.\u00a0<\/p>\n<p>\u00a0<\/p>\n<p>21,5 x 27 cm<\/p>\n<p>111 sivua<\/p>\n<p>Kustantaja: Parus Verus kustannus \/ Tampereen taidemuseo<\/p>\n<p>ISBN 978-952-7245-24-8<\/p>\n","protected":false},"excerpt":{"rendered":"<p>Kristian Krokfors (s. 1952) valittiin kaikkien aikojen ensimm\u00e4iseksi Vuoden nuoreksi taiteilijaksi 1985.\u00a0 Forever Young -n\u00e4yttely juhlistaa Kristian Krokforsin pitk\u00e4\u00e4 uraa 33 teoksen voimin. N\u00e4yttelyss\u00e4 on mukana maalauksia, monotypioita ja grafiikkaa. Kristian Krokfors kuuluu taiteilijoihin, jotka hiovat ilmaisuaan yh\u00e4 t\u00e4ydellisemm\u00e4ksi keskittym\u00e4ll\u00e4 tiettyyn rajattuun aihepiiriin.\u00a0 \u00a0 21,5 x 27 cm 111 sivua Kustantaja: Parus Verus kustannus \/ [&hellip;]<\/p>\n","protected":false},"featured_media":148,"template":"","meta":[],"product_brand":[],"product_cat":[37],"product_tag":[],"class_list":{"0":"post-151","1":"product","2":"type-product","3":"status-publish","4":"has-post-thumbnail","6":"product_cat-kirjat","8":"first","9":"outofstock","10":"taxable","11":"shipping-taxable","12":"purchasable","13":"product-type-simple"},"_links":{"self":[{"href":"https:\/\/shop.tampere.fi\/tampereentaidemuseo\/wp-json\/wp\/v2\/product\/151","targetHints":{"allow":["GET"]}}],"collection":[{"href":"https:\/\/shop.tampere.fi\/tampereentaidemuseo\/wp-json\/wp\/v2\/product"}],"about":[{"href":"https:\/\/shop.tampere.fi\/tampereentaidemuseo\/wp-json\/wp\/v2\/types\/product"}],"wp:featuredmedia":[{"embeddable":true,"href":"https:\/\/shop.tampere.fi\/tampereentaidemuseo\/wp-json\/wp\/v2\/media\/148"}],"wp:attachment":[{"href":"https:\/\/shop.tampere.fi\/tampereentaidemuseo\/wp-json\/wp\/v2\/media?parent=151"}],"wp:term":[{"taxonomy":"product_brand","embeddable":true,"href":"https:\/\/shop.tampere.fi\/tampereentaidemuseo\/wp-json\/wp\/v2\/product_brand?post=151"},{"taxonomy":"product_cat","embeddable":true,"href":"https:\/\/shop.tampere.fi\/tampereentaidemuseo\/wp-json\/wp\/v2\/product_cat?post=151"},{"taxonomy":"product_tag","embeddable":true,"href":"https:\/\/shop.tampere.fi\/tampereentaidemuseo\/wp-json\/wp\/v2\/product_tag?post=151"}],"curies":[{"name":"wp","href":"https:\/\/api.w.org\/{rel}","templated":true}]}}