{"id":147,"date":"2024-05-08T03:41:49","date_gmt":"2024-05-08T00:41:49","guid":{"rendered":"https:\/\/shop.tampere.fi\/tampereentaidemuseo\/tuote\/nastja-sade-ronkko-altered-breaths-future-feelings-2\/"},"modified":"2026-04-13T14:02:02","modified_gmt":"2026-04-13T11:02:02","slug":"nastja-sade-ronkko-altered-breaths-future-feelings-2","status":"publish","type":"product","link":"https:\/\/shop.tampere.fi\/tampereentaidemuseo\/tuote\/nastja-sade-ronkko-altered-breaths-future-feelings-2\/?lang=en","title":{"rendered":"Nastja S\u00e4de-R\u00f6nkk\u00f6: Altered Breaths, Future Feelings"},"content":{"rendered":"<p>They Young Artist of the Year 2019<\/p>\n<p>\u00a0<\/p>\n<p>Published: 2019<\/p>\n<p>Publishers: Tampere Art Museum and Aboa Vetus &amp; Ars Nova<\/p>\n<p>Writers: Ellen Mara de Wachter, Nasta S\u00e4de R\u00f6nkk\u00f6 and Elina Suoyrj\u00f6<\/p>\n<p>Description: Hardcover, 320 pages\u00a0<\/p>\n<p>Language: Finnish \/ English<\/p>\n<p>ISBN: 978-951-609-955-5<\/p>\n<p>\u00a0<\/p>\n<p>Altered Breaths, Future Feelings is the first catalogue made of Nastja S\u00e4de R\u00f6nkk\u00f6\u2019s art. The ambitious book with velvet covers presents the works of The Young Artist of the Year exhibition, in which she often takes a stand and uses her own distinctive voice, that of a bold woman.<\/p>\n","protected":false},"excerpt":{"rendered":"<p>They Young Artist of the Year 2019 \u00a0 Published: 2019 Publishers: Tampere Art Museum and Aboa Vetus &amp; Ars Nova Writers: Ellen Mara de Wachter, Nasta S\u00e4de R\u00f6nkk\u00f6 and Elina Suoyrj\u00f6 Description: Hardcover, 320 pages\u00a0 Language: Finnish \/ English ISBN: 978-951-609-955-5 \u00a0 Altered Breaths, Future Feelings is the first catalogue made of Nastja S\u00e4de R\u00f6nkk\u00f6\u2019s [&hellip;]<\/p>\n","protected":false},"featured_media":143,"template":"","meta":[],"product_brand":[],"product_cat":[38],"product_tag":[],"class_list":{"0":"post-147","1":"product","2":"type-product","3":"status-publish","4":"has-post-thumbnail","6":"product_cat-books","8":"first","9":"instock","10":"taxable","11":"shipping-taxable","12":"purchasable","13":"product-type-simple"},"_links":{"self":[{"href":"https:\/\/shop.tampere.fi\/tampereentaidemuseo\/wp-json\/wp\/v2\/product\/147","targetHints":{"allow":["GET"]}}],"collection":[{"href":"https:\/\/shop.tampere.fi\/tampereentaidemuseo\/wp-json\/wp\/v2\/product"}],"about":[{"href":"https:\/\/shop.tampere.fi\/tampereentaidemuseo\/wp-json\/wp\/v2\/types\/product"}],"wp:featuredmedia":[{"embeddable":true,"href":"https:\/\/shop.tampere.fi\/tampereentaidemuseo\/wp-json\/wp\/v2\/media\/143"}],"wp:attachment":[{"href":"https:\/\/shop.tampere.fi\/tampereentaidemuseo\/wp-json\/wp\/v2\/media?parent=147"}],"wp:term":[{"taxonomy":"product_brand","embeddable":true,"href":"https:\/\/shop.tampere.fi\/tampereentaidemuseo\/wp-json\/wp\/v2\/product_brand?post=147"},{"taxonomy":"product_cat","embeddable":true,"href":"https:\/\/shop.tampere.fi\/tampereentaidemuseo\/wp-json\/wp\/v2\/product_cat?post=147"},{"taxonomy":"product_tag","embeddable":true,"href":"https:\/\/shop.tampere.fi\/tampereentaidemuseo\/wp-json\/wp\/v2\/product_tag?post=147"}],"curies":[{"name":"wp","href":"https:\/\/api.w.org\/{rel}","templated":true}]}}