{"id":145,"date":"2024-05-08T03:41:49","date_gmt":"2024-05-08T00:41:49","guid":{"rendered":"https:\/\/shop.tampere.fi\/tampereentaidemuseo\/tuote\/nastja-sade-ronkko-altered-breaths-future-feelings\/"},"modified":"2026-01-01T05:13:17","modified_gmt":"2026-01-01T03:13:17","slug":"nastja-sade-ronkko-altered-breaths-future-feelings","status":"publish","type":"product","link":"https:\/\/shop.tampere.fi\/tampereentaidemuseo\/tuote\/nastja-sade-ronkko-altered-breaths-future-feelings\/","title":{"rendered":"Nastja S\u00e4de-R\u00f6nkk\u00f6: Altered breaths, Future feelings"},"content":{"rendered":"<p>Vuoden nuori taiteilija 2019<\/p>\n<p>\u00a0<\/p>\n<p>Julkaistu: 2019<\/p>\n<p>Julkaisija: Tampereen taidemuseo<\/p>\n<p>Kustantajat: Tampereen taidemuseo ja Aboa Vetus &amp; Ars Nova<\/p>\n<p>Artikkelit: Ellen Mara de Wachter, Nastja S\u00e4de R\u00f6nkk\u00f6 ja Elina Suoyrj\u00f6<\/p>\n<p>Kuvaus: Kovakantinen: 320 sivua<\/p>\n<p>Kieli: suomi\/englanti<\/p>\n<p>ISBN: 978-951-609-955-5<\/p>\n<p>\u00a0<\/p>\n<p>Nastja S\u00e4de R\u00f6nk\u00f6n Altered Breaths, Future Feelings on ensimm\u00e4inen h\u00e4nen taiteestaan tehty julkaisu. N\u00e4ytt\u00e4v\u00e4 samettikantinen kirja esittelee Vuoden nuori taiteilija -n\u00e4yttelyn teoksia, joissa taiteilija ottaa usein kantaa ja k\u00e4ytt\u00e4\u00e4 omaa, rohkean naisen \u00e4\u00e4nt\u00e4\u00e4n.<\/p>\n","protected":false},"excerpt":{"rendered":"<p>Vuoden nuori taiteilija 2019 \u00a0 Julkaistu: 2019 Julkaisija: Tampereen taidemuseo Kustantajat: Tampereen taidemuseo ja Aboa Vetus &amp; Ars Nova Artikkelit: Ellen Mara de Wachter, Nastja S\u00e4de R\u00f6nkk\u00f6 ja Elina Suoyrj\u00f6 Kuvaus: Kovakantinen: 320 sivua Kieli: suomi\/englanti ISBN: 978-951-609-955-5 \u00a0 Nastja S\u00e4de R\u00f6nk\u00f6n Altered Breaths, Future Feelings on ensimm\u00e4inen h\u00e4nen taiteestaan tehty julkaisu. N\u00e4ytt\u00e4v\u00e4 samettikantinen kirja [&hellip;]<\/p>\n","protected":false},"featured_media":142,"template":"","meta":[],"product_brand":[],"product_cat":[37],"product_tag":[],"class_list":{"0":"post-145","1":"product","2":"type-product","3":"status-publish","4":"has-post-thumbnail","6":"product_cat-kirjat","8":"first","9":"instock","10":"taxable","11":"shipping-taxable","12":"purchasable","13":"product-type-simple"},"_links":{"self":[{"href":"https:\/\/shop.tampere.fi\/tampereentaidemuseo\/wp-json\/wp\/v2\/product\/145","targetHints":{"allow":["GET"]}}],"collection":[{"href":"https:\/\/shop.tampere.fi\/tampereentaidemuseo\/wp-json\/wp\/v2\/product"}],"about":[{"href":"https:\/\/shop.tampere.fi\/tampereentaidemuseo\/wp-json\/wp\/v2\/types\/product"}],"wp:featuredmedia":[{"embeddable":true,"href":"https:\/\/shop.tampere.fi\/tampereentaidemuseo\/wp-json\/wp\/v2\/media\/142"}],"wp:attachment":[{"href":"https:\/\/shop.tampere.fi\/tampereentaidemuseo\/wp-json\/wp\/v2\/media?parent=145"}],"wp:term":[{"taxonomy":"product_brand","embeddable":true,"href":"https:\/\/shop.tampere.fi\/tampereentaidemuseo\/wp-json\/wp\/v2\/product_brand?post=145"},{"taxonomy":"product_cat","embeddable":true,"href":"https:\/\/shop.tampere.fi\/tampereentaidemuseo\/wp-json\/wp\/v2\/product_cat?post=145"},{"taxonomy":"product_tag","embeddable":true,"href":"https:\/\/shop.tampere.fi\/tampereentaidemuseo\/wp-json\/wp\/v2\/product_tag?post=145"}],"curies":[{"name":"wp","href":"https:\/\/api.w.org\/{rel}","templated":true}]}}