{"id":139,"date":"2024-05-08T03:41:46","date_gmt":"2024-05-08T00:41:46","guid":{"rendered":"https:\/\/shop.tampere.fi\/tampereentaidemuseo\/tuote\/taru-mantynen-kulkijan-nayt\/"},"modified":"2026-01-01T05:13:15","modified_gmt":"2026-01-01T03:13:15","slug":"taru-mantynen-kulkijan-nayt","status":"publish","type":"product","link":"https:\/\/shop.tampere.fi\/tampereentaidemuseo\/tuote\/taru-mantynen-kulkijan-nayt\/","title":{"rendered":"Taru M\u00e4ntynen: Kulkijan n\u00e4yt"},"content":{"rendered":"<p>Julkaistu: 2019<\/p>\n<p>Julkaisija: Ab Varkkilan Manchester Oy\/Jaakko Ikonen ja Rosebud kirjakauppa<\/p>\n<p>Tekstit: Anto Leikola, Veikko Halmetoja ja Maaria Salo<\/p>\n<p>Kuvaus: Kovakantinen, 136 sivua<\/p>\n<p>Kieli: suomi<\/p>\n<p>ISBN: 978-952-731-324-4<\/p>\n<p>\u00a0<\/p>\n<p>Taru M\u00e4ntysen veistosten myyttisess\u00e4 maailmassa ihmisen ja el\u00e4imen rajat h\u00e4m\u00e4rtyv\u00e4t, sudet tanssivat ja ilves seisoo kuin odottaen jotain tapahtuvaksi. M\u00e4ntynen on inspiroitunut niin Kalevalasta kuin kalliomaalauksistakin. M\u00e4ntysell\u00e4 on oma paja ja h\u00e4n valaa itse teoksensa. Taru M\u00e4ntysen tuotantoa esiteltiin laajasti Tampereen taidemuseon n\u00e4yttelyss\u00e4 2019. T\u00e4m\u00e4 kirja julkaistiin n\u00e4yttelyn yhteydess\u00e4.<\/p>\n","protected":false},"excerpt":{"rendered":"<p>Julkaistu: 2019 Julkaisija: Ab Varkkilan Manchester Oy\/Jaakko Ikonen ja Rosebud kirjakauppa Tekstit: Anto Leikola, Veikko Halmetoja ja Maaria Salo Kuvaus: Kovakantinen, 136 sivua Kieli: suomi ISBN: 978-952-731-324-4 \u00a0 Taru M\u00e4ntysen veistosten myyttisess\u00e4 maailmassa ihmisen ja el\u00e4imen rajat h\u00e4m\u00e4rtyv\u00e4t, sudet tanssivat ja ilves seisoo kuin odottaen jotain tapahtuvaksi. M\u00e4ntynen on inspiroitunut niin Kalevalasta kuin kalliomaalauksistakin. M\u00e4ntysell\u00e4 [&hellip;]<\/p>\n","protected":false},"featured_media":136,"template":"","meta":[],"product_brand":[],"product_cat":[37],"product_tag":[],"class_list":{"0":"post-139","1":"product","2":"type-product","3":"status-publish","4":"has-post-thumbnail","6":"product_cat-kirjat","8":"first","9":"instock","10":"taxable","11":"shipping-taxable","12":"purchasable","13":"product-type-simple"},"_links":{"self":[{"href":"https:\/\/shop.tampere.fi\/tampereentaidemuseo\/wp-json\/wp\/v2\/product\/139","targetHints":{"allow":["GET"]}}],"collection":[{"href":"https:\/\/shop.tampere.fi\/tampereentaidemuseo\/wp-json\/wp\/v2\/product"}],"about":[{"href":"https:\/\/shop.tampere.fi\/tampereentaidemuseo\/wp-json\/wp\/v2\/types\/product"}],"wp:featuredmedia":[{"embeddable":true,"href":"https:\/\/shop.tampere.fi\/tampereentaidemuseo\/wp-json\/wp\/v2\/media\/136"}],"wp:attachment":[{"href":"https:\/\/shop.tampere.fi\/tampereentaidemuseo\/wp-json\/wp\/v2\/media?parent=139"}],"wp:term":[{"taxonomy":"product_brand","embeddable":true,"href":"https:\/\/shop.tampere.fi\/tampereentaidemuseo\/wp-json\/wp\/v2\/product_brand?post=139"},{"taxonomy":"product_cat","embeddable":true,"href":"https:\/\/shop.tampere.fi\/tampereentaidemuseo\/wp-json\/wp\/v2\/product_cat?post=139"},{"taxonomy":"product_tag","embeddable":true,"href":"https:\/\/shop.tampere.fi\/tampereentaidemuseo\/wp-json\/wp\/v2\/product_tag?post=139"}],"curies":[{"name":"wp","href":"https:\/\/api.w.org\/{rel}","templated":true}]}}