{"id":133,"date":"2024-05-08T03:41:42","date_gmt":"2024-05-08T00:41:42","guid":{"rendered":"https:\/\/shop.tampere.fi\/tampereentaidemuseo\/tuote\/ville-andersson-2009-2015\/"},"modified":"2026-01-01T05:13:12","modified_gmt":"2026-01-01T03:13:12","slug":"ville-andersson-2009-2015","status":"publish","type":"product","link":"https:\/\/shop.tampere.fi\/tampereentaidemuseo\/tuote\/ville-andersson-2009-2015\/","title":{"rendered":"Ville Andersson 2009-2015"},"content":{"rendered":"<p>Ville Andersson, Vuoden nuori taiteilija 2015<\/p>\n<p>\u00a0<\/p>\n<p>Julkaistu: 2015<\/p>\n<p>Julkaisijat: Tampereen taidemuseo ja Aboa Vetus &amp; Ars Nova<\/p>\n<p>Tekstit: Ville Andersson ja Juha-Heikki Tihinen<\/p>\n<p>Kuvaus: Kovakantinen, 136 sivua<\/p>\n<p>Kieli: suomi\/englanti<\/p>\n<p>ISBN: 978-951-609-766-7\u00a0<\/p>\n<p>\u00a0<\/p>\n<p>Ville Anderssonin n\u00e4yttelykirja esittelee h\u00e4nen teostensa taustoja. Andersson k\u00e4ytt\u00e4\u00e4 ilmaisuv\u00e4linein\u00e4 erilaisia tekniikoita, kuten maalausta, tussipiirt\u00e4mist\u00e4 ja valokuvausta. H\u00e4n pyrkii l\u00f6yt\u00e4m\u00e4\u00e4n ajatuksilleen ja ideoilleen luontevimman ilmaisukeinon ja toisaalta tutkimaan, miten erilaiset v\u00e4lineet ja tekniikat vaikuttavat h\u00e4nen ty\u00f6skentelyyns\u00e4 ja miten ne ohjaavat varsinaista tekoprosessia. Andersson on leimallisesti nykytaiteilija, mutta h\u00e4n k\u00e4y my\u00f6s jatkuvaa keskustelua menneisyyden kanssa. H\u00e4nen teoksissaan voi n\u00e4hd\u00e4 runsaasti kulttuurisia ja taidehistoriallisia viittauksia.\u00a0<\/p>\n","protected":false},"excerpt":{"rendered":"<p>Ville Andersson, Vuoden nuori taiteilija 2015 \u00a0 Julkaistu: 2015 Julkaisijat: Tampereen taidemuseo ja Aboa Vetus &amp; Ars Nova Tekstit: Ville Andersson ja Juha-Heikki Tihinen Kuvaus: Kovakantinen, 136 sivua Kieli: suomi\/englanti ISBN: 978-951-609-766-7\u00a0 \u00a0 Ville Anderssonin n\u00e4yttelykirja esittelee h\u00e4nen teostensa taustoja. Andersson k\u00e4ytt\u00e4\u00e4 ilmaisuv\u00e4linein\u00e4 erilaisia tekniikoita, kuten maalausta, tussipiirt\u00e4mist\u00e4 ja valokuvausta. H\u00e4n pyrkii l\u00f6yt\u00e4m\u00e4\u00e4n ajatuksilleen ja [&hellip;]<\/p>\n","protected":false},"featured_media":130,"template":"","meta":[],"product_brand":[],"product_cat":[37],"product_tag":[],"class_list":{"0":"post-133","1":"product","2":"type-product","3":"status-publish","4":"has-post-thumbnail","6":"product_cat-kirjat","8":"first","9":"instock","10":"taxable","11":"shipping-taxable","12":"purchasable","13":"product-type-simple"},"_links":{"self":[{"href":"https:\/\/shop.tampere.fi\/tampereentaidemuseo\/wp-json\/wp\/v2\/product\/133","targetHints":{"allow":["GET"]}}],"collection":[{"href":"https:\/\/shop.tampere.fi\/tampereentaidemuseo\/wp-json\/wp\/v2\/product"}],"about":[{"href":"https:\/\/shop.tampere.fi\/tampereentaidemuseo\/wp-json\/wp\/v2\/types\/product"}],"wp:featuredmedia":[{"embeddable":true,"href":"https:\/\/shop.tampere.fi\/tampereentaidemuseo\/wp-json\/wp\/v2\/media\/130"}],"wp:attachment":[{"href":"https:\/\/shop.tampere.fi\/tampereentaidemuseo\/wp-json\/wp\/v2\/media?parent=133"}],"wp:term":[{"taxonomy":"product_brand","embeddable":true,"href":"https:\/\/shop.tampere.fi\/tampereentaidemuseo\/wp-json\/wp\/v2\/product_brand?post=133"},{"taxonomy":"product_cat","embeddable":true,"href":"https:\/\/shop.tampere.fi\/tampereentaidemuseo\/wp-json\/wp\/v2\/product_cat?post=133"},{"taxonomy":"product_tag","embeddable":true,"href":"https:\/\/shop.tampere.fi\/tampereentaidemuseo\/wp-json\/wp\/v2\/product_tag?post=133"}],"curies":[{"name":"wp","href":"https:\/\/api.w.org\/{rel}","templated":true}]}}