{"id":115,"date":"2024-05-08T03:41:29","date_gmt":"2024-05-08T00:41:29","guid":{"rendered":"https:\/\/shop.tampere.fi\/tampereentaidemuseo\/tuote\/klassikot-10kpl-postikorttisetti\/"},"modified":"2025-07-01T04:34:53","modified_gmt":"2025-07-01T01:34:53","slug":"klassikot-10kpl-postikorttisetti","status":"publish","type":"product","link":"https:\/\/shop.tampere.fi\/tampereentaidemuseo\/tuote\/klassikot-10kpl-postikorttisetti\/","title":{"rendered":"Klassikot: 10kpl postikorttisetti"},"content":{"rendered":"<p>Albert Edelfelt\u00a0 (1854-1905)\u00a0\u00a0<\/p>\n<p>Punatukkainen juutalaisnainen, 1870-1900<\/p>\n<p>\u00d6ljy kankaalle<\/p>\n<p>Tampereen taidemuseo<\/p>\n<p>\u00a0<\/p>\n<p>Mikko Carlstedt (1892-1964)\u00a0\u00a0<\/p>\n<p>Kukkia, 1936<\/p>\n<p>\u00d6ljy kankaalle<\/p>\n<p>Tampereen taidemuseo<\/p>\n<p>\u00a0<\/p>\n<p>Gabriel Engberg (1872-1953)<\/p>\n<p>Orvokki, 1938<\/p>\n<p>\u00d6ljy kankaalle<\/p>\n<p>Tampereen taidemuseo<\/p>\n<p>\u00a0<\/p>\n<p>Lennu Juvela (1886-1979)<\/p>\n<p>Viimeiset talvimarkkinat, 1941<\/p>\n<p>\u00d6ljy kankaalle<\/p>\n<p>Tampereen taidemuseo<\/p>\n<p>\u00a0<\/p>\n<p>Venny Soldan-Brofeldt (1863-1945)\u00a0\u00a0<\/p>\n<p>Marian ilmestys, kopio Fra Angelicon mukaan, ajoittamaton<\/p>\n<p>\u00d6ljy kankaalle<\/p>\n<p>Tampereen taidemuseo<\/p>\n<p>\u00a0<\/p>\n<p>Albert Edelfelt (1854-1905)<\/p>\n<p>Arlesitar, 1893<\/p>\n<p>\u00d6ljy kankaalle<\/p>\n<p>Tampereen taidemuseo<\/p>\n<p>\u00a0<\/p>\n<p>Maria Wiik (1853-1928)<\/p>\n<p>Huono omatunto, 1886<\/p>\n<p>\u00d6ljy kankaalle<\/p>\n<p>Tampereen taidemuseo<\/p>\n<p>\u00a0<\/p>\n<p>Hanna Frosterus-Segerstr\u00e5le (1867-1946)<\/p>\n<p>Lep\u00e4\u00e4v\u00e4 tytt\u00f6, 1915<\/p>\n<p>Pastelli paperille<\/p>\n<p>Tampereen taidemuseo<\/p>\n<p>\u00a0<\/p>\n<p>Elin Danielson-Gambogi (1861-1919)\u00a0\u00a0<\/p>\n<p>Italialainen perhe, 1900<\/p>\n<p>\u00d6ljy kankaalle<\/p>\n<p>Tampereen taidemuseo<\/p>\n<p>\u00a0<\/p>\n<p>Hugo Simberg (1873-1917)\u00a0\u00a0<\/p>\n<p>Punamultamaalarit, 1911<\/p>\n<p>\u00d6ljy kankaalle<\/p>\n<p>Tampereen taidemuseo<\/p>\n","protected":false},"excerpt":{"rendered":"<p>Albert Edelfelt\u00a0 (1854-1905)\u00a0\u00a0 Punatukkainen juutalaisnainen, 1870-1900 \u00d6ljy kankaalle Tampereen taidemuseo \u00a0 Mikko Carlstedt (1892-1964)\u00a0\u00a0 Kukkia, 1936 \u00d6ljy kankaalle Tampereen taidemuseo \u00a0 Gabriel Engberg (1872-1953) Orvokki, 1938 \u00d6ljy kankaalle Tampereen taidemuseo \u00a0 Lennu Juvela (1886-1979) Viimeiset talvimarkkinat, 1941 \u00d6ljy kankaalle Tampereen taidemuseo \u00a0 Venny Soldan-Brofeldt (1863-1945)\u00a0\u00a0 Marian ilmestys, kopio Fra Angelicon mukaan, ajoittamaton \u00d6ljy kankaalle Tampereen [&hellip;]<\/p>\n","protected":false},"featured_media":112,"template":"","meta":[],"product_brand":[],"product_cat":[40],"product_tag":[],"class_list":{"0":"post-115","1":"product","2":"type-product","3":"status-publish","4":"has-post-thumbnail","6":"product_cat-tampereen-taidemuseon-klassikot","8":"first","9":"instock","10":"taxable","11":"shipping-taxable","12":"purchasable","13":"product-type-simple"},"_links":{"self":[{"href":"https:\/\/shop.tampere.fi\/tampereentaidemuseo\/wp-json\/wp\/v2\/product\/115","targetHints":{"allow":["GET"]}}],"collection":[{"href":"https:\/\/shop.tampere.fi\/tampereentaidemuseo\/wp-json\/wp\/v2\/product"}],"about":[{"href":"https:\/\/shop.tampere.fi\/tampereentaidemuseo\/wp-json\/wp\/v2\/types\/product"}],"wp:featuredmedia":[{"embeddable":true,"href":"https:\/\/shop.tampere.fi\/tampereentaidemuseo\/wp-json\/wp\/v2\/media\/112"}],"wp:attachment":[{"href":"https:\/\/shop.tampere.fi\/tampereentaidemuseo\/wp-json\/wp\/v2\/media?parent=115"}],"wp:term":[{"taxonomy":"product_brand","embeddable":true,"href":"https:\/\/shop.tampere.fi\/tampereentaidemuseo\/wp-json\/wp\/v2\/product_brand?post=115"},{"taxonomy":"product_cat","embeddable":true,"href":"https:\/\/shop.tampere.fi\/tampereentaidemuseo\/wp-json\/wp\/v2\/product_cat?post=115"},{"taxonomy":"product_tag","embeddable":true,"href":"https:\/\/shop.tampere.fi\/tampereentaidemuseo\/wp-json\/wp\/v2\/product_tag?post=115"}],"curies":[{"name":"wp","href":"https:\/\/api.w.org\/{rel}","templated":true}]}}