{"id":289,"date":"2024-10-24T16:02:48","date_gmt":"2024-10-24T13:02:48","guid":{"rendered":"https:\/\/shop.tampere.fi\/muumimuseo\/tuote\/berattelsen-om-muminbockerna-utstallningsguide\/"},"modified":"2026-03-03T20:20:12","modified_gmt":"2026-03-03T18:20:12","slug":"berattelsen-om-muminbockerna-utstallningsguide","status":"publish","type":"product","link":"https:\/\/shop.tampere.fi\/muumimuseo\/tuote\/berattelsen-om-muminbockerna-utstallningsguide\/","title":{"rendered":"Ber\u00e4ttelsen om Muminb\u00f6ckerna &#8211; Utst\u00e4llningsguide"},"content":{"rendered":"<p>P\u00e5 Muminmuseets samlingsutst\u00e4llning kan man bekanta sig med bildkonstn\u00e4r och f\u00f6rfattare Tove Janssons ursprungliga muminkonst. Verken i utst\u00e4llningen \u00e4r en del av den konstsamling som Jansson (1914-2001) och hennes livskamrat Tuulikki Pietil\u00e4 (1917-2009) donerade till Tammerfors konstmuseum \u00e5r 1986.<\/p>\n<p>Den omfattar n\u00e4rmare 2000 original illustrationer och konstverk samt dessutom f\u00f6rem\u00e5l och arkivmaterial.<\/p>\n<p>I denna skrift presenteras Muminmuseets samlingsutst\u00e4llning presenterar muminb\u00f6ckernas ber\u00e4ttelse och man f\u00e5r delta i en magisk resa med mumintrollen. V\u00e4lkommen!<\/p>\n<p>Selma Green,<\/p>\n<p>Museidirekt\u00f6r\u00a0<\/p>\n<p>\u00a0<\/p>\n<p>H\u00e5rdp\u00e4rmad, sydd, 60 sidor, p\u00e5 Svenska.\u00a0<\/p>\n<p>Redaktionskommit\u00e9: Marina Catani, Meri Kallio, Virpi Nikkari, Marjut Villanueva<\/p>\n<p>Skribenter: Marina Catani, Meri Kallio, Riikka Kuittinen<\/p>\n<p>\u00d6vers\u00e4ttningar: Marina Catani<\/p>\n<p>Publiserad: 2024<\/p>\n<p>ISBN 978-952-371-089-4<\/p>\n<p>ISSN: 0782-3746<\/p>\n<p>Tammerfors konstmuseums publikationer 195<\/p>\n","protected":false},"excerpt":{"rendered":"<p>P\u00e5 Muminmuseets samlingsutst\u00e4llning kan man bekanta sig med bildkonstn\u00e4r och f\u00f6rfattare Tove Janssons ursprungliga muminkonst. Verken i utst\u00e4llningen \u00e4r en del av den konstsamling som Jansson (1914-2001) och hennes livskamrat Tuulikki Pietil\u00e4 (1917-2009) donerade till Tammerfors konstmuseum \u00e5r 1986. Den omfattar n\u00e4rmare 2000 original illustrationer och konstverk samt dessutom f\u00f6rem\u00e5l och arkivmaterial. I denna skrift [&hellip;]<\/p>\n","protected":false},"featured_media":286,"template":"","meta":[],"product_brand":[],"product_cat":[32],"product_tag":[],"class_list":{"0":"post-289","1":"product","2":"type-product","3":"status-publish","4":"has-post-thumbnail","6":"product_cat-museokauppa","8":"first","9":"instock","10":"taxable","11":"shipping-taxable","12":"purchasable","13":"product-type-simple"},"_links":{"self":[{"href":"https:\/\/shop.tampere.fi\/muumimuseo\/wp-json\/wp\/v2\/product\/289","targetHints":{"allow":["GET"]}}],"collection":[{"href":"https:\/\/shop.tampere.fi\/muumimuseo\/wp-json\/wp\/v2\/product"}],"about":[{"href":"https:\/\/shop.tampere.fi\/muumimuseo\/wp-json\/wp\/v2\/types\/product"}],"wp:featuredmedia":[{"embeddable":true,"href":"https:\/\/shop.tampere.fi\/muumimuseo\/wp-json\/wp\/v2\/media\/286"}],"wp:attachment":[{"href":"https:\/\/shop.tampere.fi\/muumimuseo\/wp-json\/wp\/v2\/media?parent=289"}],"wp:term":[{"taxonomy":"product_brand","embeddable":true,"href":"https:\/\/shop.tampere.fi\/muumimuseo\/wp-json\/wp\/v2\/product_brand?post=289"},{"taxonomy":"product_cat","embeddable":true,"href":"https:\/\/shop.tampere.fi\/muumimuseo\/wp-json\/wp\/v2\/product_cat?post=289"},{"taxonomy":"product_tag","embeddable":true,"href":"https:\/\/shop.tampere.fi\/muumimuseo\/wp-json\/wp\/v2\/product_tag?post=289"}],"curies":[{"name":"wp","href":"https:\/\/api.w.org\/{rel}","templated":true}]}}