{"id":285,"date":"2024-10-24T16:02:39","date_gmt":"2024-10-24T13:02:39","guid":{"rendered":"https:\/\/shop.tampere.fi\/muumimuseo\/tuote\/muumimuseo-liput-vapaa\/"},"modified":"2026-01-01T06:26:50","modified_gmt":"2026-01-01T04:26:50","slug":"muumimuseo-liput-vapaa","status":"publish","type":"product","link":"https:\/\/shop.tampere.fi\/muumimuseo\/tuote\/muumimuseo-liput-vapaa\/?lang=en","title":{"rendered":"Muumikirjojen tarina &#8211; N\u00e4yttelyopas"},"content":{"rendered":"<p>\u00a0<\/p>\n<p>Muumimuseon kokoelman\u00e4yttelyss\u00e4 voi tutustua kuvataiteilija ja kirjailija Tove Janssonin alkuper\u00e4iseen muumitaiteen kokoelmaan.<\/p>\n<p>Kokoelman\u00e4yttelyn teokset ovat osa Janssonin (1914-2001) ja h\u00e4nen el\u00e4m\u00e4nkumppaninsa Tuulikki Pietil\u00e4n (1917-2009) Tampereen taidemuseolle vuonna 1986 lahjoittamaa kokoelmaa. Kokoelma sis\u00e4lt\u00e4\u00e4 kaikkiaan l\u00e4hes 2000 kuvitusoriginaalia, taideteosta ja lis\u00e4ksi esineit\u00e4 ja arkistomateriaalia.<\/p>\n<p>T\u00e4m\u00e4 kirjanen esittelee Muumimuseon kokoelman\u00e4yttelyn. Tove Jansson kirjoitti ja kuvitti kaikkiaan kaksitoista muumikirjaa nelj\u00e4ll\u00e4 vuosikymmenell\u00e4. Kokoelman\u00e4yttelymme esittelee muumikirjojen tarinan ja p\u00e4\u00e4set mukaan taianomaiselle matkalle muumien seurassa. Tervetuloa!<\/p>\n<p>Selma Green<\/p>\n<p>Museonjohtaja<\/p>\n<p>\u00a0<\/p>\n<p>Kovakantinen, 55 sivua, suomenkielinen. Runsas kuvitus<\/p>\n<p>Toimituskunta: Marina Catani, Meri Kallio, Virpi Nikkari, Marjut Villanueva<\/p>\n<p>Kirjoittajat: Marina Catani, Meri Kallio, Riikka Kuittinen<\/p>\n<p>Julkaisuvuosi: 2024<\/p>\n<p>ISBN 978-952-371-088-7<\/p>\n<p>ISSN: 0782-3746<\/p>\n<p>Tampereen taidemuseon julkaisuja 194<\/p>\n","protected":false},"excerpt":{"rendered":"<p>\u00a0 Muumimuseon kokoelman\u00e4yttelyss\u00e4 voi tutustua kuvataiteilija ja kirjailija Tove Janssonin alkuper\u00e4iseen muumitaiteen kokoelmaan. Kokoelman\u00e4yttelyn teokset ovat osa Janssonin (1914-2001) ja h\u00e4nen el\u00e4m\u00e4nkumppaninsa Tuulikki Pietil\u00e4n (1917-2009) Tampereen taidemuseolle vuonna 1986 lahjoittamaa kokoelmaa. Kokoelma sis\u00e4lt\u00e4\u00e4 kaikkiaan l\u00e4hes 2000 kuvitusoriginaalia, taideteosta ja lis\u00e4ksi esineit\u00e4 ja arkistomateriaalia. T\u00e4m\u00e4 kirjanen esittelee Muumimuseon kokoelman\u00e4yttelyn. Tove Jansson kirjoitti ja kuvitti kaikkiaan kaksitoista [&hellip;]<\/p>\n","protected":false},"featured_media":281,"template":"","meta":[],"product_brand":[],"product_cat":[33],"product_tag":[],"class_list":{"0":"post-285","1":"product","2":"type-product","3":"status-publish","4":"has-post-thumbnail","6":"product_cat-museum-shop","8":"first","9":"instock","10":"taxable","11":"shipping-taxable","12":"purchasable","13":"product-type-simple"},"_links":{"self":[{"href":"https:\/\/shop.tampere.fi\/muumimuseo\/wp-json\/wp\/v2\/product\/285","targetHints":{"allow":["GET"]}}],"collection":[{"href":"https:\/\/shop.tampere.fi\/muumimuseo\/wp-json\/wp\/v2\/product"}],"about":[{"href":"https:\/\/shop.tampere.fi\/muumimuseo\/wp-json\/wp\/v2\/types\/product"}],"wp:featuredmedia":[{"embeddable":true,"href":"https:\/\/shop.tampere.fi\/muumimuseo\/wp-json\/wp\/v2\/media\/281"}],"wp:attachment":[{"href":"https:\/\/shop.tampere.fi\/muumimuseo\/wp-json\/wp\/v2\/media?parent=285"}],"wp:term":[{"taxonomy":"product_brand","embeddable":true,"href":"https:\/\/shop.tampere.fi\/muumimuseo\/wp-json\/wp\/v2\/product_brand?post=285"},{"taxonomy":"product_cat","embeddable":true,"href":"https:\/\/shop.tampere.fi\/muumimuseo\/wp-json\/wp\/v2\/product_cat?post=285"},{"taxonomy":"product_tag","embeddable":true,"href":"https:\/\/shop.tampere.fi\/muumimuseo\/wp-json\/wp\/v2\/product_tag?post=285"}],"curies":[{"name":"wp","href":"https:\/\/api.w.org\/{rel}","templated":true}]}}