{"id":191,"date":"2024-05-07T03:41:49","date_gmt":"2024-05-07T00:41:49","guid":{"rendered":"https:\/\/shop.tampere.fi\/muumimuseo\/tuote\/pikkuvihkosetti-8kpl\/"},"modified":"2025-07-01T04:37:44","modified_gmt":"2025-07-01T01:37:44","slug":"pikkuvihkosetti-8kpl","status":"publish","type":"product","link":"https:\/\/shop.tampere.fi\/muumimuseo\/tuote\/pikkuvihkosetti-8kpl\/","title":{"rendered":"PIKKUVIHKOSETTI 8KPL"},"content":{"rendered":"<p>Pieni\u00e4 muisti- tai piirrosvihkoja muumikirjojen alkuper\u00e4iskansikuvilla.<\/p>\n<p>Koko: 9 cm x 12 cm<\/p>\n<p>M\u00e4\u00e4r\u00e4: 8<\/p>\n<p>\u00a0<\/p>\n","protected":false},"excerpt":{"rendered":"<p>Pieni\u00e4 muisti- tai piirrosvihkoja muumikirjojen alkuper\u00e4iskansikuvilla. Koko: 9 cm x 12 cm M\u00e4\u00e4r\u00e4: 8 \u00a0<\/p>\n","protected":false},"featured_media":188,"template":"","meta":[],"product_brand":[],"product_cat":[32],"product_tag":[],"class_list":{"0":"post-191","1":"product","2":"type-product","3":"status-publish","4":"has-post-thumbnail","6":"product_cat-museokauppa","8":"first","9":"instock","10":"taxable","11":"shipping-taxable","12":"purchasable","13":"product-type-simple"},"_links":{"self":[{"href":"https:\/\/shop.tampere.fi\/muumimuseo\/wp-json\/wp\/v2\/product\/191","targetHints":{"allow":["GET"]}}],"collection":[{"href":"https:\/\/shop.tampere.fi\/muumimuseo\/wp-json\/wp\/v2\/product"}],"about":[{"href":"https:\/\/shop.tampere.fi\/muumimuseo\/wp-json\/wp\/v2\/types\/product"}],"wp:featuredmedia":[{"embeddable":true,"href":"https:\/\/shop.tampere.fi\/muumimuseo\/wp-json\/wp\/v2\/media\/188"}],"wp:attachment":[{"href":"https:\/\/shop.tampere.fi\/muumimuseo\/wp-json\/wp\/v2\/media?parent=191"}],"wp:term":[{"taxonomy":"product_brand","embeddable":true,"href":"https:\/\/shop.tampere.fi\/muumimuseo\/wp-json\/wp\/v2\/product_brand?post=191"},{"taxonomy":"product_cat","embeddable":true,"href":"https:\/\/shop.tampere.fi\/muumimuseo\/wp-json\/wp\/v2\/product_cat?post=191"},{"taxonomy":"product_tag","embeddable":true,"href":"https:\/\/shop.tampere.fi\/muumimuseo\/wp-json\/wp\/v2\/product_tag?post=191"}],"curies":[{"name":"wp","href":"https:\/\/api.w.org\/{rel}","templated":true}]}}