{"id":155,"date":"2024-05-07T03:41:19","date_gmt":"2024-05-07T00:41:19","guid":{"rendered":"https:\/\/shop.tampere.fi\/muumimuseo\/tuote\/guess-what-happens-next-englanninkielinen\/"},"modified":"2026-02-28T13:06:58","modified_gmt":"2026-02-28T11:06:58","slug":"guess-what-happens-next-englanninkielinen","status":"publish","type":"product","link":"https:\/\/shop.tampere.fi\/muumimuseo\/tuote\/guess-what-happens-next-englanninkielinen\/","title":{"rendered":"GUESS WHAT HAPPENS NEXT? ENGLANNINKIELINEN"},"content":{"rendered":"<p>Guess What Happens Next? The Story of the Moomin Books on uuden Muumimuseon laajan ensimm\u00e4isen perusn\u00e4yttelyn katalogi. Samalla se kertoo Tove Janssonin muumikirjojen tarinan ja valottaa taiteilijan el\u00e4m\u00e4nvaiheita. Teos esittelee kattavasti Janssonin kuvituksia sek\u00e4 Tuulikki Pietil\u00e4n muumiaiheisia kuvaelmia.<\/p>\n<p>Julkaistu: 2017<\/p>\n<p>Julkaisija: Tampereen taidemuseo ja Muumimuseo<\/p>\n<p>Toimittaja: Minna Honkasalo<\/p>\n<p>Kirjoittajat: Taina Myllyharju, Minna Honkasalo, Virpi Nikkari ja Sirke Happonen<\/p>\n<p>Kovakantinen, 216 sivua, englanninkielinen<\/p>\n<p>ISBN: 978-951-609-883-1<\/p>\n<p>ISNN: 0782-3746<\/p>\n","protected":false},"excerpt":{"rendered":"<p>Guess What Happens Next? The Story of the Moomin Books on uuden Muumimuseon laajan ensimm\u00e4isen perusn\u00e4yttelyn katalogi. Samalla se kertoo Tove Janssonin muumikirjojen tarinan ja valottaa taiteilijan el\u00e4m\u00e4nvaiheita. Teos esittelee kattavasti Janssonin kuvituksia sek\u00e4 Tuulikki Pietil\u00e4n muumiaiheisia kuvaelmia. Julkaistu: 2017 Julkaisija: Tampereen taidemuseo ja Muumimuseo Toimittaja: Minna Honkasalo Kirjoittajat: Taina Myllyharju, Minna Honkasalo, Virpi Nikkari [&hellip;]<\/p>\n","protected":false},"featured_media":146,"template":"","meta":[],"product_brand":[],"product_cat":[32],"product_tag":[],"class_list":{"0":"post-155","1":"product","2":"type-product","3":"status-publish","4":"has-post-thumbnail","6":"product_cat-museokauppa","8":"first","9":"instock","10":"taxable","11":"shipping-taxable","12":"purchasable","13":"product-type-simple"},"_links":{"self":[{"href":"https:\/\/shop.tampere.fi\/muumimuseo\/wp-json\/wp\/v2\/product\/155","targetHints":{"allow":["GET"]}}],"collection":[{"href":"https:\/\/shop.tampere.fi\/muumimuseo\/wp-json\/wp\/v2\/product"}],"about":[{"href":"https:\/\/shop.tampere.fi\/muumimuseo\/wp-json\/wp\/v2\/types\/product"}],"wp:featuredmedia":[{"embeddable":true,"href":"https:\/\/shop.tampere.fi\/muumimuseo\/wp-json\/wp\/v2\/media\/146"}],"wp:attachment":[{"href":"https:\/\/shop.tampere.fi\/muumimuseo\/wp-json\/wp\/v2\/media?parent=155"}],"wp:term":[{"taxonomy":"product_brand","embeddable":true,"href":"https:\/\/shop.tampere.fi\/muumimuseo\/wp-json\/wp\/v2\/product_brand?post=155"},{"taxonomy":"product_cat","embeddable":true,"href":"https:\/\/shop.tampere.fi\/muumimuseo\/wp-json\/wp\/v2\/product_cat?post=155"},{"taxonomy":"product_tag","embeddable":true,"href":"https:\/\/shop.tampere.fi\/muumimuseo\/wp-json\/wp\/v2\/product_tag?post=155"}],"curies":[{"name":"wp","href":"https:\/\/api.w.org\/{rel}","templated":true}]}}