{"id":151,"date":"2024-05-07T03:41:15","date_gmt":"2024-05-07T00:41:15","guid":{"rendered":"https:\/\/shop.tampere.fi\/muumimuseo\/tuote\/kuinkas-sitten-kavikaan-in-finnish\/"},"modified":"2026-01-01T06:27:07","modified_gmt":"2026-01-01T04:27:07","slug":"kuinkas-sitten-kavikaan-in-finnish","status":"publish","type":"product","link":"https:\/\/shop.tampere.fi\/muumimuseo\/tuote\/kuinkas-sitten-kavikaan-in-finnish\/?lang=en","title":{"rendered":"KUINKAS SITTEN K\u00c4VIK\u00c4\u00c4N? IN FINNISH"},"content":{"rendered":"<p>\u00a0<\/p>\n<p>Guess What Happens Next? \u2013 Story of the Moomin Books is the catalogue of the first, extensive main exhibition of the Moomin Museum. It tells the story of Tove Jansson\u2019s Moomin books and sheds light on her life and career. The book presents Jansson\u2019s illustrations alongside the Moomin-themed tableaux constructed by Tuulikki Pietil\u00e4.<\/p>\n<p>Published: 2017<\/p>\n<p>Publisher: Tampere Art Museum and Moomin Museum<\/p>\n<p>Editor: Minna Honkasalo<\/p>\n<p>Writers: Taina Myllyharju, Minna Honkasalo, Virpi Nikkari, and Sirke Happonen<\/p>\n<p>Hardcover, 216 pages, Finnish<\/p>\n<p>ISBN: 978-951-609-884-8<\/p>\n<p>ISNN: 0782-3746<\/p>\n","protected":false},"excerpt":{"rendered":"<p>\u00a0 Guess What Happens Next? \u2013 Story of the Moomin Books is the catalogue of the first, extensive main exhibition of the Moomin Museum. It tells the story of Tove Jansson\u2019s Moomin books and sheds light on her life and career. The book presents Jansson\u2019s illustrations alongside the Moomin-themed tableaux constructed by Tuulikki Pietil\u00e4. Published: [&hellip;]<\/p>\n","protected":false},"featured_media":147,"template":"","meta":[],"product_brand":[],"product_cat":[33],"product_tag":[],"class_list":{"0":"post-151","1":"product","2":"type-product","3":"status-publish","4":"has-post-thumbnail","6":"product_cat-museum-shop","8":"first","9":"instock","10":"taxable","11":"shipping-taxable","12":"purchasable","13":"product-type-simple"},"_links":{"self":[{"href":"https:\/\/shop.tampere.fi\/muumimuseo\/wp-json\/wp\/v2\/product\/151","targetHints":{"allow":["GET"]}}],"collection":[{"href":"https:\/\/shop.tampere.fi\/muumimuseo\/wp-json\/wp\/v2\/product"}],"about":[{"href":"https:\/\/shop.tampere.fi\/muumimuseo\/wp-json\/wp\/v2\/types\/product"}],"wp:featuredmedia":[{"embeddable":true,"href":"https:\/\/shop.tampere.fi\/muumimuseo\/wp-json\/wp\/v2\/media\/147"}],"wp:attachment":[{"href":"https:\/\/shop.tampere.fi\/muumimuseo\/wp-json\/wp\/v2\/media?parent=151"}],"wp:term":[{"taxonomy":"product_brand","embeddable":true,"href":"https:\/\/shop.tampere.fi\/muumimuseo\/wp-json\/wp\/v2\/product_brand?post=151"},{"taxonomy":"product_cat","embeddable":true,"href":"https:\/\/shop.tampere.fi\/muumimuseo\/wp-json\/wp\/v2\/product_cat?post=151"},{"taxonomy":"product_tag","embeddable":true,"href":"https:\/\/shop.tampere.fi\/muumimuseo\/wp-json\/wp\/v2\/product_tag?post=151"}],"curies":[{"name":"wp","href":"https:\/\/api.w.org\/{rel}","templated":true}]}}