{"id":149,"date":"2024-05-07T03:41:15","date_gmt":"2024-05-07T00:41:15","guid":{"rendered":"https:\/\/shop.tampere.fi\/muumimuseo\/tuote\/kuinkas-sitten-kavikaan-muumikirjojen-tarina\/"},"modified":"2026-01-01T06:27:06","modified_gmt":"2026-01-01T04:27:06","slug":"kuinkas-sitten-kavikaan-muumikirjojen-tarina","status":"publish","type":"product","link":"https:\/\/shop.tampere.fi\/muumimuseo\/tuote\/kuinkas-sitten-kavikaan-muumikirjojen-tarina\/","title":{"rendered":"KUINKAS SITTEN K\u00c4VIK\u00c4\u00c4N? MUUMIKIRJOJEN TARINA"},"content":{"rendered":"<p>\u00a0<\/p>\n<p>Kuinkas sitten k\u00e4vik\u00e4\u00e4n? \u2013 Muumikirjojen tarina on uuden Muumimuseon laajan ensimm\u00e4isen perusn\u00e4yttelyn katalogi. Samalla se kertoo Tove Janssonin muumikirjojen tarinan ja valottaa taiteilijan el\u00e4m\u00e4nvaiheita. Teos esittelee kattavasti Janssonin kuvituksia sek\u00e4 Tuulikki Pietil\u00e4n muumiaiheisia kuvaelmia.<\/p>\n<p>Julkaistu: 2017<\/p>\n<p>Julkaisija: Tampereen taidemuseo ja Muumimuseo<\/p>\n<p>Toimittaja: Minna Honkasalo<\/p>\n<p>Kirjoittajat: Taina Myllyharju, Minna Honkasalo, Virpi Nikkari ja Sirke Happonen<\/p>\n<p>Kovakantinen, 216 sivua, suomenkielinen<\/p>\n<p>ISBN: 978-951-609-883-1<\/p>\n<p>ISNN: 0782-3746<\/p>\n<p>\u00a0<\/p>\n","protected":false},"excerpt":{"rendered":"<p>\u00a0 Kuinkas sitten k\u00e4vik\u00e4\u00e4n? \u2013 Muumikirjojen tarina on uuden Muumimuseon laajan ensimm\u00e4isen perusn\u00e4yttelyn katalogi. Samalla se kertoo Tove Janssonin muumikirjojen tarinan ja valottaa taiteilijan el\u00e4m\u00e4nvaiheita. Teos esittelee kattavasti Janssonin kuvituksia sek\u00e4 Tuulikki Pietil\u00e4n muumiaiheisia kuvaelmia. Julkaistu: 2017 Julkaisija: Tampereen taidemuseo ja Muumimuseo Toimittaja: Minna Honkasalo Kirjoittajat: Taina Myllyharju, Minna Honkasalo, Virpi Nikkari ja Sirke Happonen [&hellip;]<\/p>\n","protected":false},"featured_media":146,"template":"","meta":[],"product_brand":[],"product_cat":[32],"product_tag":[],"class_list":{"0":"post-149","1":"product","2":"type-product","3":"status-publish","4":"has-post-thumbnail","6":"product_cat-museokauppa","8":"first","9":"instock","10":"taxable","11":"shipping-taxable","12":"purchasable","13":"product-type-simple"},"_links":{"self":[{"href":"https:\/\/shop.tampere.fi\/muumimuseo\/wp-json\/wp\/v2\/product\/149","targetHints":{"allow":["GET"]}}],"collection":[{"href":"https:\/\/shop.tampere.fi\/muumimuseo\/wp-json\/wp\/v2\/product"}],"about":[{"href":"https:\/\/shop.tampere.fi\/muumimuseo\/wp-json\/wp\/v2\/types\/product"}],"wp:featuredmedia":[{"embeddable":true,"href":"https:\/\/shop.tampere.fi\/muumimuseo\/wp-json\/wp\/v2\/media\/146"}],"wp:attachment":[{"href":"https:\/\/shop.tampere.fi\/muumimuseo\/wp-json\/wp\/v2\/media?parent=149"}],"wp:term":[{"taxonomy":"product_brand","embeddable":true,"href":"https:\/\/shop.tampere.fi\/muumimuseo\/wp-json\/wp\/v2\/product_brand?post=149"},{"taxonomy":"product_cat","embeddable":true,"href":"https:\/\/shop.tampere.fi\/muumimuseo\/wp-json\/wp\/v2\/product_cat?post=149"},{"taxonomy":"product_tag","embeddable":true,"href":"https:\/\/shop.tampere.fi\/muumimuseo\/wp-json\/wp\/v2\/product_tag?post=149"}],"curies":[{"name":"wp","href":"https:\/\/api.w.org\/{rel}","templated":true}]}}