{"id":143,"date":"2024-05-07T03:41:11","date_gmt":"2024-05-07T00:41:11","guid":{"rendered":"https:\/\/shop.tampere.fi\/muumimuseo\/tuote\/juliste-meri\/"},"modified":"2025-07-01T04:37:24","modified_gmt":"2025-07-01T01:37:24","slug":"juliste-meri","status":"publish","type":"product","link":"https:\/\/shop.tampere.fi\/muumimuseo\/tuote\/juliste-meri\/","title":{"rendered":"JULISTE: MERI"},"content":{"rendered":"<p>50 cm x 70 cm<\/p>\n<p>Tove Jansson teki alkuper\u00e4iskuvituksen N\u00e4kym\u00e4t\u00f6n lapsi ja muita kertomuksia -kirjan ranskankielisen painoksen kansikuvaa varten.<\/p>\n<p>\u00a0<\/p>\n<p>Painettu Suomessa.<\/p>\n","protected":false},"excerpt":{"rendered":"<p>50 cm x 70 cm Tove Jansson teki alkuper\u00e4iskuvituksen N\u00e4kym\u00e4t\u00f6n lapsi ja muita kertomuksia -kirjan ranskankielisen painoksen kansikuvaa varten. \u00a0 Painettu Suomessa.<\/p>\n","protected":false},"featured_media":140,"template":"","meta":[],"product_brand":[],"product_cat":[32],"product_tag":[],"class_list":{"0":"post-143","1":"product","2":"type-product","3":"status-publish","4":"has-post-thumbnail","6":"product_cat-museokauppa","8":"first","9":"outofstock","10":"taxable","11":"shipping-taxable","12":"purchasable","13":"product-type-simple"},"_links":{"self":[{"href":"https:\/\/shop.tampere.fi\/muumimuseo\/wp-json\/wp\/v2\/product\/143","targetHints":{"allow":["GET"]}}],"collection":[{"href":"https:\/\/shop.tampere.fi\/muumimuseo\/wp-json\/wp\/v2\/product"}],"about":[{"href":"https:\/\/shop.tampere.fi\/muumimuseo\/wp-json\/wp\/v2\/types\/product"}],"wp:featuredmedia":[{"embeddable":true,"href":"https:\/\/shop.tampere.fi\/muumimuseo\/wp-json\/wp\/v2\/media\/140"}],"wp:attachment":[{"href":"https:\/\/shop.tampere.fi\/muumimuseo\/wp-json\/wp\/v2\/media?parent=143"}],"wp:term":[{"taxonomy":"product_brand","embeddable":true,"href":"https:\/\/shop.tampere.fi\/muumimuseo\/wp-json\/wp\/v2\/product_brand?post=143"},{"taxonomy":"product_cat","embeddable":true,"href":"https:\/\/shop.tampere.fi\/muumimuseo\/wp-json\/wp\/v2\/product_cat?post=143"},{"taxonomy":"product_tag","embeddable":true,"href":"https:\/\/shop.tampere.fi\/muumimuseo\/wp-json\/wp\/v2\/product_tag?post=143"}],"curies":[{"name":"wp","href":"https:\/\/api.w.org\/{rel}","templated":true}]}}