{"id":9,"date":"2024-04-29T09:07:41","date_gmt":"2024-04-29T06:07:41","guid":{"rendered":"https:\/\/shop.tampere.fi\/muumimuseo\/tietosuojaseloste\/?lang=fi"},"modified":"2024-06-12T10:47:49","modified_gmt":"2024-06-12T07:47:49","slug":"tietosuojaseloste","status":"publish","type":"page","link":"https:\/\/shop.tampere.fi\/muumimuseo\/tietosuojaseloste\/","title":{"rendered":"Tietosuojaseloste"},"content":{"rendered":"<p><a href=\"https:\/\/www.tampere.fi\/tietosuoja-ja-tiedonhallinta\/tietosuojaselosteet\">Tampereen kaupungin tietosuojaselosteet<\/a><\/p>\n\n\n<p><strong>TIETOSUOJASELOSTE<\/strong><\/p>\n\n\n\n<p>Rekisterinpit\u00e4j\u00e4n informointi<\/p>\n\n\n\n<p>rekister\u00f6idylle<\/p>\n\n\n\n<p>EU:n yleinen tietosuoja-asetus, &nbsp;<\/p>\n\n\n\n<p>(2016\/679), artiklat 13 ja 14<\/p>\n\n\n\n<p>Henkil\u00f6rekisterin tiedot<\/p>\n\n\n\n<p>1.&nbsp;&nbsp;&nbsp;&nbsp;&nbsp;&nbsp;&nbsp;&nbsp;&nbsp;&nbsp;&nbsp;&nbsp;&nbsp;&nbsp;&nbsp;&nbsp;&nbsp;&nbsp;&nbsp;&nbsp;&nbsp;&nbsp;&nbsp;&nbsp; Rekisterin nimi<\/p>\n\n\n\n<p>Tampereen museoiden Ceepos verkkokaupat<\/p>\n\n\n\n<p>Vapriikki<\/p>\n\n\n\n<p>Tampereen taidemuseo<\/p>\n\n\n\n<p>Museo Milavida<\/p>\n\n\n\n<p>Muumimuseo<\/p>\n\n\n\n<p>Amurin ty\u00f6l\u00e4ismuseokortteli<\/p>\n\n\n\n<p>2.&nbsp;&nbsp;&nbsp;&nbsp;&nbsp;&nbsp;&nbsp;&nbsp;&nbsp;&nbsp;&nbsp;&nbsp;&nbsp;&nbsp;&nbsp;&nbsp;&nbsp;&nbsp;&nbsp;&nbsp;&nbsp;&nbsp;&nbsp;&nbsp; Henkil\u00f6tietojen k\u00e4sittelyn tarkoitus<\/p>\n\n\n\n<p>Henkil\u00f6tietoja ker\u00e4t\u00e4\u00e4n mm. tilausten toimittamiseen, maksujen oikeaan kohdentamiseen,<\/p>\n\n\n\n<p>asiakkaan tapahtumahistorian ja transaktio-oikeuksien tarkistamiseen, raportointiin ja<\/p>\n\n\n\n<p>markkinointiin.<\/p>\n\n\n\n<p>Tietoja ohjelmiston k\u00e4ytt\u00e4jist\u00e4 ker\u00e4t\u00e4\u00e4n k\u00e4ytt\u00f6oikeuksien m\u00e4\u00e4ritt\u00e4miseksi ja valvomiseksi<\/p>\n\n\n\n<p>k\u00e4ytt\u00f6\u00e4. Ohjelmisto luo henkil\u00f6tietoja sis\u00e4lt\u00e4vi\u00e4 lokitiedostoja t\u00e4t\u00e4 tarkoitusta varten<\/p>\n\n\n\n<p>ohjelmiston k\u00e4ytt\u00f6historian yll\u00e4pit\u00e4miseksi ja ongelmatapausten ratkaisemiseksi.<\/p>\n\n\n\n<p>3.&nbsp;&nbsp;&nbsp;&nbsp;&nbsp;&nbsp;&nbsp;&nbsp;&nbsp;&nbsp;&nbsp;&nbsp;&nbsp;&nbsp;&nbsp;&nbsp;&nbsp;&nbsp;&nbsp;&nbsp;&nbsp;&nbsp;&nbsp;&nbsp; Rekisterinpit\u00e4j\u00e4<\/p>\n\n\n\n<p>Tampereen kaupunki, y-tunnus 0211675-2<\/p>\n\n\n\n<p>4.&nbsp;&nbsp;&nbsp;&nbsp;&nbsp;&nbsp;&nbsp;&nbsp;&nbsp;&nbsp;&nbsp;&nbsp;&nbsp;&nbsp;&nbsp;&nbsp;&nbsp;&nbsp;&nbsp;&nbsp;&nbsp;&nbsp;&nbsp;&nbsp; Rekisterist\u00e4 vastaava viranhaltija, teht\u00e4v\u00e4nimike ja yhteystiedot<\/p>\n\n\n\n<p>Kulttuurijohtaja Sampo Terho<\/p>\n\n\n\n<p>Tampereen kaupunki,<\/p>\n\n\n\n<p>PL 487, 33101 Tampere<\/p>\n\n\n\n<p>puhelin 03-565 611 (kaupungin vaihde)<\/p>\n\n\n\n<p>tampere.fi\/yhteystiedot<\/p>\n\n\n\n<p>5.&nbsp;&nbsp;&nbsp;&nbsp;&nbsp;&nbsp;&nbsp;&nbsp;&nbsp;&nbsp;&nbsp;&nbsp;&nbsp;&nbsp;&nbsp;&nbsp;&nbsp;&nbsp;&nbsp;&nbsp;&nbsp;&nbsp;&nbsp;&nbsp; Rekisterin yhteyshenkil\u00f6 ja yhteystiedot<\/p>\n\n\n\n<p>Saana Karlsson, Palveluvastaava, Vapriikki, Museokauppa<\/p>\n\n\n\n<p>6.&nbsp;&nbsp;&nbsp;&nbsp;&nbsp;&nbsp;&nbsp;&nbsp;&nbsp;&nbsp;&nbsp;&nbsp;&nbsp;&nbsp;&nbsp;&nbsp;&nbsp;&nbsp;&nbsp;&nbsp;&nbsp;&nbsp;&nbsp;&nbsp; Rekisterin henkil\u00f6tietojen k\u00e4sittely\u00e4 on ulkoistettu toimeksiantosopimuksella<\/p>\n\n\n\n<p>\u2612 Ei<\/p>\n\n\n\n<p>\u2610 Kyll\u00e4<\/p>\n\n\n\n<p>tarvittaessa lis\u00e4tietoa ulkoistetusta k\u00e4sittelyst\u00e4<\/p>\n\n\n\n<p>7.&nbsp;&nbsp;&nbsp;&nbsp;&nbsp;&nbsp;&nbsp;&nbsp;&nbsp;&nbsp;&nbsp;&nbsp;&nbsp;&nbsp;&nbsp;&nbsp;&nbsp;&nbsp;&nbsp;&nbsp;&nbsp;&nbsp;&nbsp;&nbsp; Henkil\u00f6tietojen k\u00e4sittelyn lainmukaisuus<\/p>\n\n\n\n<p>A)<\/p>\n\n\n\n<p>\u2612 Yleinen etu\/Julkisen vallan k\u00e4ytt\u00f6&nbsp;&nbsp;&nbsp;&nbsp;&nbsp;&nbsp;&nbsp;&nbsp;&nbsp;&nbsp;&nbsp;&nbsp;&nbsp;&nbsp;&nbsp;<\/p>\n\n\n\n<p>Mik\u00e4?&nbsp;&nbsp;&nbsp;&nbsp;&nbsp;&nbsp;<\/p>\n\n\n\n<p>\u2610 Lakis\u00e4\u00e4teinen velvoite<\/p>\n\n\n\n<p>Toimintaa ohjaava lains\u00e4\u00e4d\u00e4nt\u00f6&nbsp;&nbsp;&nbsp;&nbsp;&nbsp;<\/p>\n\n\n\n<p>\u2612 Suostumus<\/p>\n\n\n\n<p>\u2610 Sopimuksen t\u00e4yt\u00e4nt\u00f6\u00f6npano<\/p>\n\n\n\n<p>B)<\/p>\n\n\n\n<p>\u2610 Rekisteri on viranomaistoiminnan rekisteri<\/p>\n\n\n\n<p>\u2612 Rekisteri on julkishallinnon vapaaehtoisen teht\u00e4v\u00e4n rekisteri<\/p>\n\n\n\n<p>C)<\/p>\n\n\n\n<p>Rekisterin tietoja k\u00e4ytet\u00e4\u00e4n automatisoituihin yksitt\u00e4isp\u00e4\u00e4t\u00f6ksiin, profilointi mukaan lukien<\/p>\n\n\n\n<p>\u2612 Ei<\/p>\n\n\n\n<p>\u2610 Kyll\u00e4<\/p>\n\n\n\n<p>Mihin?&nbsp;&nbsp;&nbsp;&nbsp;&nbsp;<\/p>\n\n\n\n<p>Henkil\u00f6rekisterin henkil\u00f6tiedot, tietol\u00e4hteet ja tietojen luovutus<\/p>\n\n\n\n<p>8.&nbsp;&nbsp;&nbsp;&nbsp;&nbsp;&nbsp;&nbsp;&nbsp;&nbsp;&nbsp;&nbsp;&nbsp;&nbsp;&nbsp;&nbsp;&nbsp;&nbsp;&nbsp;&nbsp;&nbsp;&nbsp;&nbsp;&nbsp;&nbsp; Rekisteriss\u00e4 olevat henkil\u00f6tiedot<\/p>\n\n\n\n<p>Kuvaus rekister\u00f6ityjen ryhmist\u00e4 ja henkil\u00f6tietoryhmist\u00e4<\/p>\n\n\n\n<p>Mahdolliset rekistereihimme tallennetut henkil\u00f6tiedot:<\/p>\n\n\n\n<p>Yleinen asiakasrekisteri: asiakasnumero, etunimi, sukunimi, postiosoite,<\/p>\n\n\n\n<p>puhelinnumero, s\u00e4hk\u00f6postiosoite, tilaushistoria, k\u00e4ytt\u00e4j\u00e4tunnus ja suoramarkkinointi<\/p>\n\n\n\n<p>valtuutus.<\/p>\n\n\n\n<p>Tilausrekisteri: yhteystiedot, tilatut tuotteet.<\/p>\n\n\n\n<p>Postituslistat: s\u00e4hk\u00f6postiosoite.<\/p>\n\n\n\n<p>Henkil\u00f6tietoja s\u00e4ilytet\u00e4\u00e4n rekisteriss\u00e4mme, kunnes ne poistetaan manuaalisesti. Tilaustiedot s\u00e4ilytet\u00e4\u00e4n, kunnes ne poistetaan 10 vuotta tilauksen j\u00e4lkeen. S\u00e4hk\u00f6iset kuittitiedot s\u00e4ilytet\u00e4\u00e4n manuaaliseen poistamiseen asti 10 vuotta tilauksen j\u00e4lkeen.<\/p>\n\n\n\n<p>Ep\u00e4aktiiviset k\u00e4ytt\u00e4j\u00e4tilit poistetaan 3 vuotta viimeisen k\u00e4ytt\u00f6kerran j\u00e4lkeen.<\/p>\n\n\n\n<p>Odottavat ja perutut tilaukset s\u00e4ilytet\u00e4\u00e4n j\u00e4rjestelm\u00e4ss\u00e4 5 p\u00e4iv\u00e4\u00e4 tilauksesta.<\/p>\n\n\n\n<p>9.&nbsp;&nbsp;&nbsp;&nbsp;&nbsp;&nbsp;&nbsp;&nbsp;&nbsp;&nbsp;&nbsp;&nbsp;&nbsp;&nbsp;&nbsp;&nbsp;&nbsp;&nbsp;&nbsp;&nbsp;&nbsp;&nbsp;&nbsp;&nbsp; Rekisteritietojen yll\u00e4pitoj\u00e4rjestelm\u00e4t (j\u00e4rjestelm\u00e4n\/sovelluksen nimi\/nimet)<\/p>\n\n\n\n<p>Ceepos kassaj\u00e4rjestelm\u00e4 \/ Tampereen museoiden verkkokaupat<\/p>\n\n\n\n<p>10.&nbsp;&nbsp;&nbsp;&nbsp;&nbsp;&nbsp;&nbsp;&nbsp;&nbsp;&nbsp;&nbsp;&nbsp;&nbsp;&nbsp;&nbsp;&nbsp;&nbsp;&nbsp;&nbsp;&nbsp;&nbsp; Rekisteriss\u00e4 on manuaalista (paperi) aineistoa<\/p>\n\n\n\n<p>\u2610 Ei<\/p>\n\n\n\n<p>\u2612 Kyll\u00e4<\/p>\n\n\n\n<p>11.&nbsp;&nbsp;&nbsp;&nbsp;&nbsp;&nbsp;&nbsp;&nbsp;&nbsp;&nbsp;&nbsp;&nbsp;&nbsp;&nbsp;&nbsp;&nbsp;&nbsp;&nbsp;&nbsp;&nbsp;&nbsp; Rekisterin tietol\u00e4hteet<\/p>\n\n\n\n<p>&nbsp;Maksutapahtumat hoidetaan ulkoisten j\u00e4rjestelmien kautta, jotka on integroitu verkkokauppaan.<\/p>\n\n\n\n<p>P\u00e4\u00e4tietol\u00e4hteit\u00e4 ovat verkkokaupan asiakkaiden ostokset, rekister\u00f6itymiset ja maksutapahtumat.<\/p>\n\n\n\n<p>Tietosuojaperiaatteet<\/p>\n\n\n\n<p>Tietojen s\u00e4ilytt\u00e4mist\u00e4, arkistointia, poistamista ja muuta k\u00e4sittely\u00e4 s\u00e4\u00e4telev\u00e4t tiedostosuunnitelmat, tietojen suojausohjeet ja tietoturvaohjeet. Vain valtuutetuilla henkil\u00f6ill\u00e4 on p\u00e4\u00e4sy s\u00e4hk\u00f6isesti k\u00e4siteltyihin tietoihin. Jokainen henkil\u00f6 hyv\u00e4ksyy salassapitovelvollisuuden<\/p>\n\n\n\n<p>sopimus (sopimus tietojen ja tietoj\u00e4rjestelmien salassapidosta ja k\u00e4yt\u00f6st\u00e4)<\/p>\n\n\n\n<p>kun k\u00e4ytt\u00f6oikeudet on my\u00f6nnetty.<\/p>\n\n\n\n<p>12.&nbsp;&nbsp;&nbsp;&nbsp;&nbsp;&nbsp;&nbsp;&nbsp;&nbsp;&nbsp;&nbsp;&nbsp;&nbsp;&nbsp;&nbsp;&nbsp;&nbsp;&nbsp;&nbsp;&nbsp;&nbsp; Tietojen suojaamisen periaatteet<\/p>\n\n\n\n<p>Tietojen s\u00e4ilytyst\u00e4, arkistointia, h\u00e4vitt\u00e4mist\u00e4 ja muuta k\u00e4sittely\u00e4 ohjataan arkistonmuodostus-suunnitelmilla ja tietoturva- ja tietosuojaohjeistuksella. Rekisteriin s\u00e4hk\u00f6isesti tallennetut tiedot on suojattu niin, ett\u00e4 niit\u00e4 p\u00e4\u00e4see katsomaan vain siihen oikeutettu henkil\u00f6. Jokainen k\u00e4ytt\u00e4j\u00e4 hyv\u00e4ksyy Tietojen ja tietoj\u00e4rjestelmien k\u00e4ytt\u00f6\u00e4 ja salassapitoa koskevan sitoumuksen k\u00e4ytt\u00f6oikeudet saadessaan.<\/p>\n\n\n\n<p>13.&nbsp;&nbsp;&nbsp;&nbsp;&nbsp;&nbsp;&nbsp;&nbsp;&nbsp;&nbsp;&nbsp;&nbsp;&nbsp;&nbsp;&nbsp;&nbsp;&nbsp;&nbsp;&nbsp;&nbsp;&nbsp; Rekisteriss\u00e4 olevien henkil\u00f6tietojen luovutus<\/p>\n\n\n\n<p>Tietojen s\u00e4\u00e4nn\u00f6nmukainen luovutus<\/p>\n\n\n\n<p>\u2612 Ei<\/p>\n\n\n\n<p>\u2610 Kyll\u00e4<\/p>\n\n\n\n<p>Minne?&nbsp;&nbsp;&nbsp;&nbsp;&nbsp;&nbsp;<\/p>\n\n\n\n<p>Tietojen luovutuksen peruste<\/p>\n\n\n\n<p>Henkil\u00f6tietoja ei luovuteta kolmansille osapuolille. Henkil\u00f6tietoja voidaan siirt\u00e4\u00e4<\/p>\n\n\n\n<p>saman yll\u00e4pit\u00e4j\u00e4n muihin j\u00e4rjestelmiin, kuten kassaj\u00e4rjestelm\u00e4, kirjanpito,<\/p>\n\n\n\n<p>ja laskutus. Maksupalveluntarjoajasta riippuen asiakkaan<\/p>\n\n\n\n<p>yhteystiedot siirret\u00e4\u00e4n maksuj\u00e4rjestelm\u00e4\u00e4n tilauksen maksamisen yhteydess\u00e4<\/p>\n\n\n\n<p>helpottaa ongelmatilanteita ja maksujen palauttamista. Maksupalveluntarjoajana toimii Paytrail, kts. Toimitusehdot<\/p>\n\n\n\n<p>14.&nbsp;&nbsp;&nbsp;&nbsp;&nbsp;&nbsp;&nbsp;&nbsp;&nbsp;&nbsp;&nbsp;&nbsp;&nbsp;&nbsp;&nbsp;&nbsp;&nbsp;&nbsp;&nbsp;&nbsp;&nbsp; Rekisterin tietojen siirto kolmanteen maahan tai kansainv\u00e4liselle j\u00e4rjest\u00f6lle (EU:n tai Euroopan talousalueen (ETA) ulkopuolelle)<\/p>\n\n\n\n<p>\u2612 Ei<\/p>\n\n\n\n<p>\u2610 Kyll\u00e4&nbsp;&nbsp;&nbsp;&nbsp;&nbsp;&nbsp;&nbsp;&nbsp;&nbsp;&nbsp;&nbsp;&nbsp;&nbsp;&nbsp;<\/p>\n\n\n\n<p>Minne?&nbsp;&nbsp;&nbsp;&nbsp;&nbsp;&nbsp;<\/p>\n\n\n\n<p>15.&nbsp;&nbsp;&nbsp;&nbsp;&nbsp;&nbsp;&nbsp;&nbsp;&nbsp;&nbsp;&nbsp;&nbsp;&nbsp;&nbsp;&nbsp;&nbsp;&nbsp;&nbsp;&nbsp;&nbsp;&nbsp; Henkil\u00f6tietojen s\u00e4ilytysajat\/S\u00e4ilytysajan m\u00e4\u00e4ritt\u00e4miskriteerit<\/p>\n\n\n\n<p>S\u00e4ilytys toteutetaan kaupungin arkistonmuodostussuunnitelmien mukaisesti<\/p>\n\n\n\n<p>16.&nbsp;&nbsp;&nbsp;&nbsp;&nbsp;&nbsp;&nbsp;&nbsp;&nbsp;&nbsp;&nbsp;&nbsp;&nbsp;&nbsp;&nbsp;&nbsp;&nbsp;&nbsp;&nbsp;&nbsp;&nbsp; Rekister\u00f6idyn oikeudet<\/p>\n\n\n\n<p>Rekister\u00f6idyn oikeudet ja niiden toteuttamiseen liittyv\u00e4t ohjeet l\u00f6ytyv\u00e4t internet-osoitteesta tampere.fi\/tietosuoja<\/p>\n","protected":false},"excerpt":{"rendered":"<p>Tampereen kaupungin tietosuojaselosteet TIETOSUOJASELOSTE Rekisterinpit\u00e4j\u00e4n informointi rekister\u00f6idylle EU:n yleinen tietosuoja-asetus, &nbsp; (2016\/679), artiklat 13 ja 14 Henkil\u00f6rekisterin tiedot 1.&nbsp;&nbsp;&nbsp;&nbsp;&nbsp;&nbsp;&nbsp;&nbsp;&nbsp;&nbsp;&nbsp;&nbsp;&nbsp;&nbsp;&nbsp;&nbsp;&nbsp;&nbsp;&nbsp;&nbsp;&nbsp;&nbsp;&nbsp;&nbsp; Rekisterin nimi Tampereen museoiden Ceepos verkkokaupat Vapriikki Tampereen taidemuseo Museo Milavida Muumimuseo Amurin ty\u00f6l\u00e4ismuseokortteli 2.&nbsp;&nbsp;&nbsp;&nbsp;&nbsp;&nbsp;&nbsp;&nbsp;&nbsp;&nbsp;&nbsp;&nbsp;&nbsp;&nbsp;&nbsp;&nbsp;&nbsp;&nbsp;&nbsp;&nbsp;&nbsp;&nbsp;&nbsp;&nbsp; Henkil\u00f6tietojen k\u00e4sittelyn tarkoitus Henkil\u00f6tietoja ker\u00e4t\u00e4\u00e4n mm. tilausten toimittamiseen, maksujen oikeaan kohdentamiseen, asiakkaan tapahtumahistorian ja transaktio-oikeuksien tarkistamiseen, raportointiin ja markkinointiin. Tietoja ohjelmiston [&hellip;]<\/p>\n","protected":false},"author":1,"featured_media":0,"parent":0,"menu_order":0,"comment_status":"closed","ping_status":"closed","template":"","meta":{"footnotes":""},"class_list":["post-9","page","type-page","status-publish","hentry"],"_links":{"self":[{"href":"https:\/\/shop.tampere.fi\/muumimuseo\/wp-json\/wp\/v2\/pages\/9","targetHints":{"allow":["GET"]}}],"collection":[{"href":"https:\/\/shop.tampere.fi\/muumimuseo\/wp-json\/wp\/v2\/pages"}],"about":[{"href":"https:\/\/shop.tampere.fi\/muumimuseo\/wp-json\/wp\/v2\/types\/page"}],"author":[{"embeddable":true,"href":"https:\/\/shop.tampere.fi\/muumimuseo\/wp-json\/wp\/v2\/users\/1"}],"replies":[{"embeddable":true,"href":"https:\/\/shop.tampere.fi\/muumimuseo\/wp-json\/wp\/v2\/comments?post=9"}],"version-history":[{"count":2,"href":"https:\/\/shop.tampere.fi\/muumimuseo\/wp-json\/wp\/v2\/pages\/9\/revisions"}],"predecessor-version":[{"id":240,"href":"https:\/\/shop.tampere.fi\/muumimuseo\/wp-json\/wp\/v2\/pages\/9\/revisions\/240"}],"wp:attachment":[{"href":"https:\/\/shop.tampere.fi\/muumimuseo\/wp-json\/wp\/v2\/media?parent=9"}],"curies":[{"name":"wp","href":"https:\/\/api.w.org\/{rel}","templated":true}]}}