{"id":222,"date":"2024-05-20T17:28:18","date_gmt":"2024-05-20T14:28:18","guid":{"rendered":"https:\/\/shop.tampere.fi\/museomilavida\/tuote\/lahjalippu-aikuiset\/"},"modified":"2026-01-27T10:39:41","modified_gmt":"2026-01-27T08:39:41","slug":"lahjalippu-aikuiset","status":"publish","type":"product","link":"https:\/\/shop.tampere.fi\/museomilavida\/tuote\/lahjalippu-aikuiset\/","title":{"rendered":"Lahjalippu: Aikuinen"},"content":{"rendered":"<p>Museo Milavidan lahjalippu kattaa kaikki Museo Milavidan n\u00e4yttelyt.<\/p>\n<p>Lahjalippu toimitetaan valitsemaasi s\u00e4hk\u00f6postiosoitteeseen.<\/p>\n<p>Varmistathan museon aukioloajat ja n\u00e4yttelytarjonnan hyviss\u00e4 ajoin ennen suunniteltua saapumistasi osoitteesta <a href=\"https:\/\/www.museomilavida.fi\/vieraile\/aukioloajat-ja-paasymaksut\/\" target=\"_blank\" rel=\"noopener\">www.museomilavida.fi<\/a><\/p>\n<p><strong>Lahjalippu on voimassa 1 vuoden ostop\u00e4iv\u00e4st\u00e4.<\/strong><\/p>\n<p><strong>P\u00e4\u00e4sylippuja ei vaihdeta eik\u00e4 lunasteta takaisin.<\/strong><\/p>\n","protected":false},"excerpt":{"rendered":"<p>Museo Milavidan lahjalippu kattaa kaikki Museo Milavidan n\u00e4yttelyt. Lahjalippu toimitetaan valitsemaasi s\u00e4hk\u00f6postiosoitteeseen. Varmistathan museon aukioloajat ja n\u00e4yttelytarjonnan hyviss\u00e4 ajoin ennen suunniteltua saapumistasi osoitteesta www.museomilavida.fi Lahjalippu on voimassa 1 vuoden ostop\u00e4iv\u00e4st\u00e4. P\u00e4\u00e4sylippuja ei vaihdeta eik\u00e4 lunasteta takaisin.<\/p>\n","protected":false},"featured_media":266,"template":"","meta":[],"product_brand":[],"product_cat":[55],"product_tag":[],"class_list":{"0":"post-222","1":"product","2":"type-product","3":"status-publish","4":"has-post-thumbnail","6":"product_cat-lahjaliput","8":"first","9":"instock","10":"virtual","11":"taxable","12":"purchasable","13":"product-type-simple"},"_links":{"self":[{"href":"https:\/\/shop.tampere.fi\/museomilavida\/wp-json\/wp\/v2\/product\/222","targetHints":{"allow":["GET"]}}],"collection":[{"href":"https:\/\/shop.tampere.fi\/museomilavida\/wp-json\/wp\/v2\/product"}],"about":[{"href":"https:\/\/shop.tampere.fi\/museomilavida\/wp-json\/wp\/v2\/types\/product"}],"wp:featuredmedia":[{"embeddable":true,"href":"https:\/\/shop.tampere.fi\/museomilavida\/wp-json\/wp\/v2\/media\/266"}],"wp:attachment":[{"href":"https:\/\/shop.tampere.fi\/museomilavida\/wp-json\/wp\/v2\/media?parent=222"}],"wp:term":[{"taxonomy":"product_brand","embeddable":true,"href":"https:\/\/shop.tampere.fi\/museomilavida\/wp-json\/wp\/v2\/product_brand?post=222"},{"taxonomy":"product_cat","embeddable":true,"href":"https:\/\/shop.tampere.fi\/museomilavida\/wp-json\/wp\/v2\/product_cat?post=222"},{"taxonomy":"product_tag","embeddable":true,"href":"https:\/\/shop.tampere.fi\/museomilavida\/wp-json\/wp\/v2\/product_tag?post=222"}],"curies":[{"name":"wp","href":"https:\/\/api.w.org\/{rel}","templated":true}]}}