{"id":2129,"date":"2025-04-01T15:41:25","date_gmt":"2025-04-01T12:41:25","guid":{"rendered":"https:\/\/shop.tampere.fi\/museomilavida\/tuote\/bravissimo-nayttelyn-avajaisilta\/"},"modified":"2026-03-30T10:13:12","modified_gmt":"2026-03-30T07:13:12","slug":"mies-nayttelyn-avajaisilta","status":"publish","type":"product","link":"https:\/\/shop.tampere.fi\/museomilavida\/tuote\/mies-nayttelyn-avajaisilta\/","title":{"rendered":"Mies \u2013 j\u00e4tk\u00e4, keikari, herrasmies -n\u00e4yttelyn avajaisilta"},"content":{"rendered":"<p>Mies \u2013 j\u00e4tk\u00e4, keikari, herrasmies -n\u00e4yttelyn avajaisia vietet\u00e4\u00e4n Museo Milavidassa perjantaina 27.2. klo 16.30-21. Koko palatsi on UMK-huuman vallassa, sill\u00e4 Suomen suurimman musiikkishow\u2019n hengess\u00e4 avajaisvieraidemme p\u00e4\u00e4sylippuna toimii pinkki UMK-rusetti!<\/p>\n<p>Avajaisiin mahtuu rajoitettu m\u00e4\u00e4r\u00e4, varmista paikkasi ennakkolipulla. Tapahtumailtana klo 16.30 alkaen lippuja on mahdollista ostaa ovelta, mik\u00e4li niit\u00e4 on j\u00e4ljell\u00e4.<\/p>\n<p><strong>Hinnat:<\/strong><br \/>Aikuiset 10 \u20ac<br \/>Museokortti\/opiskelijat\/el\u00e4kel\u00e4iset\/lapset 6 \u20ac<br \/>Ei muita alennuksia.<\/p>\n<p>Illan tarjoiluista vastaa Kahvila Milavida.<\/p>\n<p><strong>Ohjelma:<\/strong><br \/><strong>Klo 16.30 Ovet aukeavat<\/strong><br \/><strong>Klo 16.30\u201317.30 Kahvila Milavidan happy hour<\/strong><br \/>Kahvila Milavidan happy hour -tarjouksena lasillinen kuohuviini\u00e4 5 \u20ac.<br \/><strong>Klo 16.30\u201320.30 Illan musiikista vastaa DJ Sara-Maaria<\/strong><br \/><strong>Klo 17\u201320 Herrasmiehen ruusupaja<\/strong><br \/>Todellinen herrasmies tuntee ruusunsa! Tule tekem\u00e4\u00e4n itsellesi tai mielitietyllesi upea muisto illasta.<br \/><strong>Klo 18\u201318.20 Out of Sync<\/strong><br \/>Kansainv\u00e4list\u00e4 suosiota saavuttanut drag king -poikab\u00e4ndi Out of Sync hurmaa, villitsee ja voimaannuttaa ensimm\u00e4ist\u00e4 kertaa Museo Milavidassa! Drag kingit Nico, Peter Cunt\u2019dre, HC Wayne ja dj cummyb3ar tuovat mukanaan suuren show\u2019n, joka yhdistelee tanssia, lipsyncia ja komediaa.<br \/><strong>Klo 18.20\u201318.30 Avajaispuheet<\/strong><br \/>Tervetulosanat &#8211; museopalvelujohtaja\u202fHeidi Gottskalk<br \/>N\u00e4yttelyn avaus \u2013 muotisuunnittelija, ty\u00f6el\u00e4m\u00e4professori Ervin Latimer<br \/><strong>Klo 18.30 N\u00e4yttely avautuu yleis\u00f6lle<\/strong><br \/><strong>Klo 21 Museo ja kahvila sulkeutuvat<\/strong><\/p>\n","protected":false},"excerpt":{"rendered":"<p>Mies \u2013 j\u00e4tk\u00e4, keikari, herrasmies -n\u00e4yttelyn avajaisia vietet\u00e4\u00e4n Museo Milavidassa perjantaina 27.2. klo 16.30-21. Koko palatsi on UMK-huuman vallassa, sill\u00e4 Suomen suurimman musiikkishow\u2019n hengess\u00e4 avajaisvieraidemme p\u00e4\u00e4sylippuna toimii pinkki UMK-rusetti! Avajaisiin mahtuu rajoitettu m\u00e4\u00e4r\u00e4, varmista paikkasi ennakkolipulla. Tapahtumailtana klo 16.30 alkaen lippuja on mahdollista ostaa ovelta, mik\u00e4li niit\u00e4 on j\u00e4ljell\u00e4. Hinnat:Aikuiset 10 \u20acMuseokortti\/opiskelijat\/el\u00e4kel\u00e4iset\/lapset 6 \u20acEi muita [&hellip;]<\/p>\n","protected":false},"featured_media":2656,"template":"","meta":[],"product_brand":[],"product_cat":[52],"product_tag":[],"class_list":{"0":"post-2129","1":"product","2":"type-product","3":"status-publish","4":"has-post-thumbnail","6":"product_cat-tapahtumaliput","8":"first","9":"instock","10":"featured","11":"taxable","12":"shipping-taxable","13":"purchasable","14":"product-type-variable"},"_links":{"self":[{"href":"https:\/\/shop.tampere.fi\/museomilavida\/wp-json\/wp\/v2\/product\/2129","targetHints":{"allow":["GET"]}}],"collection":[{"href":"https:\/\/shop.tampere.fi\/museomilavida\/wp-json\/wp\/v2\/product"}],"about":[{"href":"https:\/\/shop.tampere.fi\/museomilavida\/wp-json\/wp\/v2\/types\/product"}],"wp:featuredmedia":[{"embeddable":true,"href":"https:\/\/shop.tampere.fi\/museomilavida\/wp-json\/wp\/v2\/media\/2656"}],"wp:attachment":[{"href":"https:\/\/shop.tampere.fi\/museomilavida\/wp-json\/wp\/v2\/media?parent=2129"}],"wp:term":[{"taxonomy":"product_brand","embeddable":true,"href":"https:\/\/shop.tampere.fi\/museomilavida\/wp-json\/wp\/v2\/product_brand?post=2129"},{"taxonomy":"product_cat","embeddable":true,"href":"https:\/\/shop.tampere.fi\/museomilavida\/wp-json\/wp\/v2\/product_cat?post=2129"},{"taxonomy":"product_tag","embeddable":true,"href":"https:\/\/shop.tampere.fi\/museomilavida\/wp-json\/wp\/v2\/product_tag?post=2129"}],"curies":[{"name":"wp","href":"https:\/\/api.w.org\/{rel}","templated":true}]}}