{"id":1791,"date":"2024-11-29T13:06:50","date_gmt":"2024-11-29T11:06:50","guid":{"rendered":"https:\/\/shop.tampere.fi\/museomilavida\/tuote\/jugendtalojen-tampere\/"},"modified":"2026-02-21T21:33:38","modified_gmt":"2026-02-21T19:33:38","slug":"jugendtalojen-tampere","status":"publish","type":"product","link":"https:\/\/shop.tampere.fi\/museomilavida\/tuote\/jugendtalojen-tampere\/","title":{"rendered":"Jugendtalojen Tampere"},"content":{"rendered":"<p>Tampere oli 1900-lukujen alkuvuosikymmenin\u00e4 kukoistava,\u00a0kaunis jugendkaupunki. N\u00e4ytt\u00e4v\u00e4sti uusin ja vanhoin\u00a0valokuvin ja arkkitehtuuripiirroksin kuvitettu Jugendtalojen\u00a0Tampere johdattaa lukijan yli sadan vuoden taakse Tampereen\u00a0kiehtovaan ja monimuotoiseen jugendarkkitehtuuriin. Teos kertoo\u00a0jugendarkkitehtuurin synnyst\u00e4 Tampereella, sen tunnetuimmista\u00a0suunnittelijoista ja ominaispiirteist\u00e4 sek\u00e4 vie lukijan k\u00e4velyretkille\u00a0kaupungin kauneimpien jugendrakennusten pariin alue kerrallaan.\u00a0T\u00e4rkeimmille jugendajan teollisuusrakennuksille ja huviloille on varattu\u00a0omat lukunsa.<\/p>\n<p>FM Eila M\u00e4ntyj\u00e4rvi on tamperelainen viestinn\u00e4n asiantuntija, kulttuurikoordinaattori, toimittaja, matkaopas sek\u00e4 jugendarkkitehtuurin tuntija.<\/p>\n<p>Ommeltu, pehmeiss\u00e4 kansissa taittuvat liepeet.<\/p>\n<p>264 sivua, runsas kuvitus, suomenkielinen.<\/p>\n<p>Julkaisija: Tampereen historialliset museot\u00a0<\/p>\n<p>Teksti: Eila M\u00e4ntyj\u00e4rvi<\/p>\n<p>Editointi: Marjo-Riitta Saloniemi<\/p>\n<p>Valokuvat, ellei toisin mainita: Saarni S\u00e4ilynoja, Vapriikin kuva-arkisto<\/p>\n<p>Kuvatoimitus: Eila M\u00e4ntyj\u00e4rvi, Antti Liuttunen<\/p>\n<p>Graafinen suunnittelu ja taitto: Tuija Kuusela, Tmi Stiili<\/p>\n<p>Kuvien k\u00e4sittely: Kari Lahtinen<\/p>\n<p>ISSN: 1237-5276<\/p>\n<p>ISBN: 978-952-371-079-5<\/p>\n<p>Tampereen museoiden julkaisuja 174<\/p>\n","protected":false},"excerpt":{"rendered":"<p>Tampere oli 1900-lukujen alkuvuosikymmenin\u00e4 kukoistava,\u00a0kaunis jugendkaupunki. N\u00e4ytt\u00e4v\u00e4sti uusin ja vanhoin\u00a0valokuvin ja arkkitehtuuripiirroksin kuvitettu Jugendtalojen\u00a0Tampere johdattaa lukijan yli sadan vuoden taakse Tampereen\u00a0kiehtovaan ja monimuotoiseen jugendarkkitehtuuriin. Teos kertoo\u00a0jugendarkkitehtuurin synnyst\u00e4 Tampereella, sen tunnetuimmista\u00a0suunnittelijoista ja ominaispiirteist\u00e4 sek\u00e4 vie lukijan k\u00e4velyretkille\u00a0kaupungin kauneimpien jugendrakennusten pariin alue kerrallaan.\u00a0T\u00e4rkeimmille jugendajan teollisuusrakennuksille ja huviloille on varattu\u00a0omat lukunsa. FM Eila M\u00e4ntyj\u00e4rvi on tamperelainen viestinn\u00e4n asiantuntija, [&hellip;]<\/p>\n","protected":false},"featured_media":1788,"template":"","meta":[],"product_brand":[],"product_cat":[58],"product_tag":[],"class_list":{"0":"post-1791","1":"product","2":"type-product","3":"status-publish","4":"has-post-thumbnail","6":"product_cat-birger-federley-jugendarkkitehti","8":"first","9":"instock","10":"taxable","11":"shipping-taxable","12":"purchasable","13":"product-type-simple"},"_links":{"self":[{"href":"https:\/\/shop.tampere.fi\/museomilavida\/wp-json\/wp\/v2\/product\/1791","targetHints":{"allow":["GET"]}}],"collection":[{"href":"https:\/\/shop.tampere.fi\/museomilavida\/wp-json\/wp\/v2\/product"}],"about":[{"href":"https:\/\/shop.tampere.fi\/museomilavida\/wp-json\/wp\/v2\/types\/product"}],"wp:featuredmedia":[{"embeddable":true,"href":"https:\/\/shop.tampere.fi\/museomilavida\/wp-json\/wp\/v2\/media\/1788"}],"wp:attachment":[{"href":"https:\/\/shop.tampere.fi\/museomilavida\/wp-json\/wp\/v2\/media?parent=1791"}],"wp:term":[{"taxonomy":"product_brand","embeddable":true,"href":"https:\/\/shop.tampere.fi\/museomilavida\/wp-json\/wp\/v2\/product_brand?post=1791"},{"taxonomy":"product_cat","embeddable":true,"href":"https:\/\/shop.tampere.fi\/museomilavida\/wp-json\/wp\/v2\/product_cat?post=1791"},{"taxonomy":"product_tag","embeddable":true,"href":"https:\/\/shop.tampere.fi\/museomilavida\/wp-json\/wp\/v2\/product_tag?post=1791"}],"curies":[{"name":"wp","href":"https:\/\/api.w.org\/{rel}","templated":true}]}}