{"id":1745,"date":"2024-11-15T14:16:58","date_gmt":"2024-11-15T12:16:58","guid":{"rendered":"https:\/\/shop.tampere.fi\/museomilavida\/tuote\/tampereen-arkkitehtuuriopas-1900-2021\/"},"modified":"2026-01-27T10:27:29","modified_gmt":"2026-01-27T08:27:29","slug":"tampereen-arkkitehtuuriopas-1900-2021","status":"publish","type":"product","link":"https:\/\/shop.tampere.fi\/museomilavida\/tuote\/tampereen-arkkitehtuuriopas-1900-2021\/","title":{"rendered":"Tampereen arkkitehtuuriopas 1900-2021"},"content":{"rendered":"<p>Tampereen arkkitehtuuriopas on kauniisti, monipuolisesti ja raikkaasti kuvitettu teos, jonka voi n\u00e4pp\u00e4r\u00e4sti sujauttaa mukaan taskuun tai laukkuun kaveriksi kaupunkikierrokselle. Oppaan sivuilla, rakennusten lomassa sykkii my\u00f6s kaupungin arki ja el\u00e4m\u00e4 &#8211; ennen ja nyt. Kaikki esitelt\u00e4v\u00e4t kohteet on valokuvattu juuri t\u00e4t\u00e4 teosta varten.<\/p>\n<p>Julkaistu: 2021<\/p>\n<p>Julkaisija: Tampereen historialliset museot<\/p>\n<p>Kirjoittajat: Markku Lahti, Jorma Mukala<\/p>\n<p>Editointi: Marjo-Riitta Saloniemi<\/p>\n<p>Kuvatoimitus: Antti Liuttunen<\/p>\n<p>Kuvaus: Pehme\u00e4kantinen, 152 sivua<\/p>\n<p>Kieli: Suomi<\/p>\n<p>ISBN: 978-952-371-023-8<\/p>\n","protected":false},"excerpt":{"rendered":"<p>Tampereen arkkitehtuuriopas on kauniisti, monipuolisesti ja raikkaasti kuvitettu teos, jonka voi n\u00e4pp\u00e4r\u00e4sti sujauttaa mukaan taskuun tai laukkuun kaveriksi kaupunkikierrokselle. Oppaan sivuilla, rakennusten lomassa sykkii my\u00f6s kaupungin arki ja el\u00e4m\u00e4 &#8211; ennen ja nyt. Kaikki esitelt\u00e4v\u00e4t kohteet on valokuvattu juuri t\u00e4t\u00e4 teosta varten. Julkaistu: 2021 Julkaisija: Tampereen historialliset museot Kirjoittajat: Markku Lahti, Jorma Mukala Editointi: Marjo-Riitta [&hellip;]<\/p>\n","protected":false},"featured_media":1742,"template":"","meta":[],"product_brand":[],"product_cat":[58],"product_tag":[],"class_list":{"0":"post-1745","1":"product","2":"type-product","3":"status-publish","4":"has-post-thumbnail","6":"product_cat-birger-federley-jugendarkkitehti","8":"first","9":"instock","10":"taxable","11":"shipping-taxable","12":"purchasable","13":"product-type-simple"},"_links":{"self":[{"href":"https:\/\/shop.tampere.fi\/museomilavida\/wp-json\/wp\/v2\/product\/1745","targetHints":{"allow":["GET"]}}],"collection":[{"href":"https:\/\/shop.tampere.fi\/museomilavida\/wp-json\/wp\/v2\/product"}],"about":[{"href":"https:\/\/shop.tampere.fi\/museomilavida\/wp-json\/wp\/v2\/types\/product"}],"wp:featuredmedia":[{"embeddable":true,"href":"https:\/\/shop.tampere.fi\/museomilavida\/wp-json\/wp\/v2\/media\/1742"}],"wp:attachment":[{"href":"https:\/\/shop.tampere.fi\/museomilavida\/wp-json\/wp\/v2\/media?parent=1745"}],"wp:term":[{"taxonomy":"product_brand","embeddable":true,"href":"https:\/\/shop.tampere.fi\/museomilavida\/wp-json\/wp\/v2\/product_brand?post=1745"},{"taxonomy":"product_cat","embeddable":true,"href":"https:\/\/shop.tampere.fi\/museomilavida\/wp-json\/wp\/v2\/product_cat?post=1745"},{"taxonomy":"product_tag","embeddable":true,"href":"https:\/\/shop.tampere.fi\/museomilavida\/wp-json\/wp\/v2\/product_tag?post=1745"}],"curies":[{"name":"wp","href":"https:\/\/api.w.org\/{rel}","templated":true}]}}