{"id":1739,"date":"2024-11-15T14:16:52","date_gmt":"2024-11-15T12:16:52","guid":{"rendered":"https:\/\/shop.tampere.fi\/museomilavida\/tuote\/bertel-strommer-tampereen-arkkitehti\/"},"modified":"2026-01-27T10:27:33","modified_gmt":"2026-01-27T08:27:33","slug":"bertel-strommer-tampereen-arkkitehti","status":"publish","type":"product","link":"https:\/\/shop.tampere.fi\/museomilavida\/tuote\/bertel-strommer-tampereen-arkkitehti\/","title":{"rendered":"Bertel Str\u00f6mmer \u2013 Tampereen arkkitehti"},"content":{"rendered":"<p>Bertel Str\u00f6mmerin (1890-1962) vaikutus Tampereen kaupunkikuvaan on vertaansa vailla. H\u00e4nen ty\u00f6p\u00f6yd\u00e4ll\u00e4\u00e4n syntyiv\u00e4t monet kaupungin maamerkit kuten hotelli Tammer, Tuulensuu, Tempontalo, Tammerkosken voimalaitokset, monet tehdasrakennukset, koulut, kirkot ja asemakaavat. Str\u00f6mmerin ura kesti l\u00e4hes 50 vuotta. Tampereen kaupunginarkkitehtina h\u00e4n ty\u00f6skenteli ly\u00f6m\u00e4tt\u00f6m\u00e4t 35 vuotta ja piti sen ohella my\u00f6s yksityist\u00e4 suunnittelutoimistoaan kuolemaansa saakka. Sen suunnitelmia valmistui Tampereelle noin 300.<\/p>\n<p>Bertel Str\u00f6mmer \u2013 Tampereen arkkitehti esittelee my\u00f6s Str\u00f6mmerin arkkitehtikilpailuihin tekemi\u00e4 suunnitelmia ja h\u00e4nen muotoiluaan l\u00e4htien loisteliasta Tammerin, Tuulensuun elokuvateatterin ja ty\u00f6v\u00e4entalo Konsun sisustuksista aina Tampereen ev. lut. seurakuntien ruumisautoon saakka. Kirjassa on mukana runsaasti h\u00e4nen alkuper\u00e4ispiirroksiaan ja itse ottamiaan valokuvia. Teosta t\u00e4ydent\u00e4v\u00e4t yksityiskohtaiset Tampereelle ja muualle Suomeen tehtyjen suunnitelmien luettelot.<\/p>\n<p>Kirjoittaja: Juha Jaakola<\/p>\n<p>Tampereen museoiden julkaisuja 167<\/p>\n<p>Kovakantinen, 236 sivua<\/p>\n<p>ISBN 978-952-371-047-4<\/p>\n","protected":false},"excerpt":{"rendered":"<p>Bertel Str\u00f6mmerin (1890-1962) vaikutus Tampereen kaupunkikuvaan on vertaansa vailla. H\u00e4nen ty\u00f6p\u00f6yd\u00e4ll\u00e4\u00e4n syntyiv\u00e4t monet kaupungin maamerkit kuten hotelli Tammer, Tuulensuu, Tempontalo, Tammerkosken voimalaitokset, monet tehdasrakennukset, koulut, kirkot ja asemakaavat. Str\u00f6mmerin ura kesti l\u00e4hes 50 vuotta. Tampereen kaupunginarkkitehtina h\u00e4n ty\u00f6skenteli ly\u00f6m\u00e4tt\u00f6m\u00e4t 35 vuotta ja piti sen ohella my\u00f6s yksityist\u00e4 suunnittelutoimistoaan kuolemaansa saakka. Sen suunnitelmia valmistui Tampereelle noin [&hellip;]<\/p>\n","protected":false},"featured_media":1736,"template":"","meta":[],"product_brand":[],"product_cat":[58],"product_tag":[],"class_list":{"0":"post-1739","1":"product","2":"type-product","3":"status-publish","4":"has-post-thumbnail","6":"product_cat-birger-federley-jugendarkkitehti","8":"first","9":"instock","10":"taxable","11":"shipping-taxable","12":"purchasable","13":"product-type-simple"},"_links":{"self":[{"href":"https:\/\/shop.tampere.fi\/museomilavida\/wp-json\/wp\/v2\/product\/1739","targetHints":{"allow":["GET"]}}],"collection":[{"href":"https:\/\/shop.tampere.fi\/museomilavida\/wp-json\/wp\/v2\/product"}],"about":[{"href":"https:\/\/shop.tampere.fi\/museomilavida\/wp-json\/wp\/v2\/types\/product"}],"wp:featuredmedia":[{"embeddable":true,"href":"https:\/\/shop.tampere.fi\/museomilavida\/wp-json\/wp\/v2\/media\/1736"}],"wp:attachment":[{"href":"https:\/\/shop.tampere.fi\/museomilavida\/wp-json\/wp\/v2\/media?parent=1739"}],"wp:term":[{"taxonomy":"product_brand","embeddable":true,"href":"https:\/\/shop.tampere.fi\/museomilavida\/wp-json\/wp\/v2\/product_brand?post=1739"},{"taxonomy":"product_cat","embeddable":true,"href":"https:\/\/shop.tampere.fi\/museomilavida\/wp-json\/wp\/v2\/product_cat?post=1739"},{"taxonomy":"product_tag","embeddable":true,"href":"https:\/\/shop.tampere.fi\/museomilavida\/wp-json\/wp\/v2\/product_tag?post=1739"}],"curies":[{"name":"wp","href":"https:\/\/api.w.org\/{rel}","templated":true}]}}