{"id":137,"date":"2024-05-08T03:40:39","date_gmt":"2024-05-08T00:40:39","guid":{"rendered":"https:\/\/shop.tampere.fi\/museomilavida\/tuote\/milavida-paasyliput\/"},"modified":"2026-03-30T10:18:02","modified_gmt":"2026-03-30T07:18:02","slug":"milavida-paasyliput","status":"publish","type":"product","link":"https:\/\/shop.tampere.fi\/museomilavida\/tuote\/milavida-paasyliput\/","title":{"rendered":"P\u00e4iv\u00e4kohtainen p\u00e4\u00e4sylippu"},"content":{"rendered":"<p>Ennakkoon verkosta ostettu p\u00e4\u00e4sylippu kattaa kaikki Museo Milavidan n\u00e4yttelyt valittuna p\u00e4iv\u00e4n\u00e4. Lippuja on myynniss\u00e4 my\u00f6s Museo Milavidan kahvilan kassalla.<\/p>\n<p>P\u00e4\u00e4syliput skannataan n\u00e4yttelytilojen sis\u00e4\u00e4nk\u00e4ynnill\u00e4, Museo Milavidan 2. kerroksessa. Varauduthan esitt\u00e4m\u00e4\u00e4n mahdollisen alennukseen oikeuttavan todistuksen.<\/p>\n<p>Mik\u00e4li sinulla on Museokortti, voit varata sis\u00e4\u00e4np\u00e4\u00e4syn verkkokaupastamme. Voimassa oleva Museokortti tulee esitt\u00e4\u00e4 p\u00e4\u00e4sylipun skannauksen yhteydess\u00e4.<\/p>\n<p>Kaikkien verkosta ostamallesi lipulle kirjattujen osallistujien tulee saapua museolle samaan aikaan.<\/p>\n<p>Museo Milavida on avoinna ti-su 11:00-18:00.<\/p>\n<p>Pyh\u00e4p\u00e4ivien vaikutus ja muut poikkeukset aukioloihin: <a href=\"https:\/\/www.museomilavida.fi\" target=\"_blank\" rel=\"noopener\">www.museomilavida.fi<\/a><\/p>\n<p>&nbsp;<\/p>\n<p><strong>Huomioithan ett\u00e4 Museo Milavidaan on ilmainen sis\u00e4\u00e4np\u00e4\u00e4sy perjantaisin 15:00-18:00.<\/strong><\/p>\n<p>&nbsp;<\/p>\n<p>Valitse lippusi seuraavista vaihtoehdoista:<\/p>\n<p>&nbsp;<\/p>\n","protected":false},"excerpt":{"rendered":"<p>Ennakkoon verkosta ostettu p\u00e4\u00e4sylippu kattaa kaikki Museo Milavidan n\u00e4yttelyt valittuna p\u00e4iv\u00e4n\u00e4. Lippuja on myynniss\u00e4 my\u00f6s Museo Milavidan kahvilan kassalla. P\u00e4\u00e4syliput skannataan n\u00e4yttelytilojen sis\u00e4\u00e4nk\u00e4ynnill\u00e4, Museo Milavidan 2. kerroksessa. Varauduthan esitt\u00e4m\u00e4\u00e4n mahdollisen alennukseen oikeuttavan todistuksen. Mik\u00e4li sinulla on Museokortti, voit varata sis\u00e4\u00e4np\u00e4\u00e4syn verkkokaupastamme. Voimassa oleva Museokortti tulee esitt\u00e4\u00e4 p\u00e4\u00e4sylipun skannauksen yhteydess\u00e4. Kaikkien verkosta ostamallesi lipulle kirjattujen osallistujien [&hellip;]<\/p>\n","protected":false},"featured_media":131,"template":"","meta":[],"product_brand":[],"product_cat":[49],"product_tag":[],"class_list":{"0":"post-137","1":"product","2":"type-product","3":"status-publish","4":"has-post-thumbnail","6":"product_cat-paivakohtaiset-paasyliput","8":"first","9":"instock","10":"featured","11":"virtual","12":"taxable","13":"purchasable","14":"product-type-phive_booking"},"_links":{"self":[{"href":"https:\/\/shop.tampere.fi\/museomilavida\/wp-json\/wp\/v2\/product\/137","targetHints":{"allow":["GET"]}}],"collection":[{"href":"https:\/\/shop.tampere.fi\/museomilavida\/wp-json\/wp\/v2\/product"}],"about":[{"href":"https:\/\/shop.tampere.fi\/museomilavida\/wp-json\/wp\/v2\/types\/product"}],"wp:featuredmedia":[{"embeddable":true,"href":"https:\/\/shop.tampere.fi\/museomilavida\/wp-json\/wp\/v2\/media\/131"}],"wp:attachment":[{"href":"https:\/\/shop.tampere.fi\/museomilavida\/wp-json\/wp\/v2\/media?parent=137"}],"wp:term":[{"taxonomy":"product_brand","embeddable":true,"href":"https:\/\/shop.tampere.fi\/museomilavida\/wp-json\/wp\/v2\/product_brand?post=137"},{"taxonomy":"product_cat","embeddable":true,"href":"https:\/\/shop.tampere.fi\/museomilavida\/wp-json\/wp\/v2\/product_cat?post=137"},{"taxonomy":"product_tag","embeddable":true,"href":"https:\/\/shop.tampere.fi\/museomilavida\/wp-json\/wp\/v2\/product_tag?post=137"}],"curies":[{"name":"wp","href":"https:\/\/api.w.org\/{rel}","templated":true}]}}