{"id":6453,"date":"2026-04-14T12:31:46","date_gmt":"2026-04-14T09:31:46","guid":{"rendered":"https:\/\/shop.tampere.fi\/kirjasarjat\/?post_type=product&#038;p=6453"},"modified":"2026-04-17T09:06:51","modified_gmt":"2026-04-17T06:06:51","slug":"leisko-satu-ripley-ja-nopea-yhteys","status":"publish","type":"product","link":"https:\/\/shop.tampere.fi\/kirjasarjat\/tuote\/leisko-satu-ripley-ja-nopea-yhteys\/","title":{"rendered":"Leisko, Satu: Ripley ja nopea yhteys (selko)"},"content":{"rendered":"","protected":false},"excerpt":{"rendered":"<p>Lis\u00e4tietoa kirjasta: <a href=\"https:\/\/piki.finna.fi\/Record\/piki.5527512\" target=\"_blank&quot;\" rel=\"noopener\">Teostiedot verkkokirjastossa<\/a><\/p>\n<p><strong>1. Valitse ensin varaukseen jakso<\/strong><\/p>\n<p>Jakso 1: 17.8.\u20135.10.2026, viimeinen tilausp\u00e4iv\u00e4 9.8.2026<br \/>Jakso 2: 26.10.\u201314.12.2026, viimeinen tilausp\u00e4iv\u00e4 18.10.2026<br \/>Jakso 3: 18.1.\u20138.3.2027, viimeinen tilausp\u00e4iv\u00e4 10.1.2027<br \/>Jakso 4: 5.4.\u201317.5.2027, viimeinen tilausp\u00e4iv\u00e4 28.3.2027<\/p>\n<p><strong>2. Valitse sitten pakettien m\u00e4\u00e4r\u00e4. HUOM! Paketti = viisi kirjaa.<\/strong><\/p>\n<p><strong>3. Paina Varaa nyt -painiketta.<\/strong><\/p>\n<p>Jos haluat varata t\u00e4t\u00e4 kirjaa seuraavallekin jaksolle, toista vaiheet kyseisen jakson kohdalle.<\/p>\n","protected":false},"featured_media":0,"comment_status":"closed","ping_status":"closed","template":"","meta":[],"product_brand":[],"product_cat":[],"product_tag":[159,42,163],"class_list":{"0":"post-6453","1":"product","2":"type-product","3":"status-publish","5":"product_tag-2020-luku","6":"product_tag-selkokirjat","7":"product_tag-tampere","9":"first","10":"instock","11":"virtual","12":"purchasable","13":"product-type-phive_booking"},"_links":{"self":[{"href":"https:\/\/shop.tampere.fi\/kirjasarjat\/wp-json\/wp\/v2\/product\/6453","targetHints":{"allow":["GET"]}}],"collection":[{"href":"https:\/\/shop.tampere.fi\/kirjasarjat\/wp-json\/wp\/v2\/product"}],"about":[{"href":"https:\/\/shop.tampere.fi\/kirjasarjat\/wp-json\/wp\/v2\/types\/product"}],"replies":[{"embeddable":true,"href":"https:\/\/shop.tampere.fi\/kirjasarjat\/wp-json\/wp\/v2\/comments?post=6453"}],"wp:attachment":[{"href":"https:\/\/shop.tampere.fi\/kirjasarjat\/wp-json\/wp\/v2\/media?parent=6453"}],"wp:term":[{"taxonomy":"product_brand","embeddable":true,"href":"https:\/\/shop.tampere.fi\/kirjasarjat\/wp-json\/wp\/v2\/product_brand?post=6453"},{"taxonomy":"product_cat","embeddable":true,"href":"https:\/\/shop.tampere.fi\/kirjasarjat\/wp-json\/wp\/v2\/product_cat?post=6453"},{"taxonomy":"product_tag","embeddable":true,"href":"https:\/\/shop.tampere.fi\/kirjasarjat\/wp-json\/wp\/v2\/product_tag?post=6453"}],"curies":[{"name":"wp","href":"https:\/\/api.w.org\/{rel}","templated":true}]}}