{"id":3193,"date":"2025-08-13T12:52:32","date_gmt":"2025-08-13T09:52:32","guid":{"rendered":"https:\/\/shop.tampere.fi\/kirjasarjat\/tuote\/lindgren-astrid-eemeli-ja-pikku-iidan-metku\/"},"modified":"2026-04-20T13:48:46","modified_gmt":"2026-04-20T10:48:46","slug":"lindgren-astrid-eemeli-ja-pikku-iidan-metku","status":"publish","type":"product","link":"https:\/\/shop.tampere.fi\/kirjasarjat\/tuote\/lindgren-astrid-eemeli-ja-pikku-iidan-metku\/","title":{"rendered":"Lindgren, Astrid: Eemeli ja pikku Iidan metku"},"content":{"rendered":"","protected":false},"excerpt":{"rendered":"<p>Lis\u00e4tietoa kirjasta: <a href=\"https:\/\/piki.finna.fi\/Record\/piki.184362\" target=\"_blank&quot;\" rel=\"noopener\">Teostiedot verkkokirjastossa<\/a><\/p>\n<p><strong>1. Valitse ensin varaukseen jakso<\/strong><\/p>\n<p>Jakso 1: 17.8.\u20135.10.2026, viimeinen tilausp\u00e4iv\u00e4 9.8.2026<br \/>Jakso 2: 26.10.\u201314.12.2026, viimeinen tilausp\u00e4iv\u00e4 18.10.2026<br \/>Jakso 3: 18.1.\u20138.3.2027, viimeinen tilausp\u00e4iv\u00e4 10.1.2027<br \/>Jakso 4: 5.4.\u201317.5.2027, viimeinen tilausp\u00e4iv\u00e4 28.3.2027<\/p>\n<p><strong>2. Valitse sitten pakettien m\u00e4\u00e4r\u00e4. HUOM! Paketti = viisi kirjaa.<\/strong><\/p>\n<p><strong>3. Paina Varaa nyt -painiketta.<\/strong><\/p>\n<p>Jos haluat varata t\u00e4t\u00e4 kirjaa seuraavallekin jaksolle, toista vaiheet kyseisen jakson kohdalle.<\/p>\n","protected":false},"featured_media":0,"comment_status":"closed","ping_status":"closed","template":"","meta":[],"product_brand":[],"product_cat":[],"product_tag":[48],"class_list":{"0":"post-3193","1":"product","2":"type-product","3":"status-publish","5":"product_tag-klassikot","7":"first","8":"instock","9":"virtual","10":"purchasable","11":"product-type-phive_booking"},"_links":{"self":[{"href":"https:\/\/shop.tampere.fi\/kirjasarjat\/wp-json\/wp\/v2\/product\/3193","targetHints":{"allow":["GET"]}}],"collection":[{"href":"https:\/\/shop.tampere.fi\/kirjasarjat\/wp-json\/wp\/v2\/product"}],"about":[{"href":"https:\/\/shop.tampere.fi\/kirjasarjat\/wp-json\/wp\/v2\/types\/product"}],"replies":[{"embeddable":true,"href":"https:\/\/shop.tampere.fi\/kirjasarjat\/wp-json\/wp\/v2\/comments?post=3193"}],"wp:attachment":[{"href":"https:\/\/shop.tampere.fi\/kirjasarjat\/wp-json\/wp\/v2\/media?parent=3193"}],"wp:term":[{"taxonomy":"product_brand","embeddable":true,"href":"https:\/\/shop.tampere.fi\/kirjasarjat\/wp-json\/wp\/v2\/product_brand?post=3193"},{"taxonomy":"product_cat","embeddable":true,"href":"https:\/\/shop.tampere.fi\/kirjasarjat\/wp-json\/wp\/v2\/product_cat?post=3193"},{"taxonomy":"product_tag","embeddable":true,"href":"https:\/\/shop.tampere.fi\/kirjasarjat\/wp-json\/wp\/v2\/product_tag?post=3193"}],"curies":[{"name":"wp","href":"https:\/\/api.w.org\/{rel}","templated":true}]}}