{"id":3166,"date":"2025-08-13T12:52:26","date_gmt":"2025-08-13T09:52:26","guid":{"rendered":"https:\/\/shop.tampere.fi\/kirjasarjat\/tuote\/kokko-hanna-vaylanvartija\/"},"modified":"2026-01-08T08:50:25","modified_gmt":"2026-01-08T06:50:25","slug":"kokko-hanna-vaylanvartija","status":"publish","type":"product","link":"https:\/\/shop.tampere.fi\/kirjasarjat\/tuote\/kokko-hanna-vaylanvartija\/","title":{"rendered":"K\u00f6kk\u00f6, Hanna: V\u00e4yl\u00e4nvartija"},"content":{"rendered":"","protected":false},"excerpt":{"rendered":"<p>Lis\u00e4tietoa kirjasta: <a href=https:\/\/piki.finna.fi\/Record\/piki.4040521 target=_blank\" rel=\"noopener\">Teostiedot verkkokirjastossa<\/a><\/p>\n<p><strong>1. Valitse ensin varaukseen jakson aloituskuukausi<\/strong><\/p>\n<p>      Jakso 2: 27.10.\u201315.12.2025, valitse <b>marraskuu<\/b>. Viimeinen tilausp\u00e4iv\u00e4 19.10.2025<br \/>      Jakso 3: 12.1.2026\u20139.3.2026, valitse <b>helmikuu<\/b>. Viimeinen tilausp\u00e4iv\u00e4 4.1.2026<br \/>      Jakso 4: 23.3.2026\u201318.5.2026, valitse <b>huhtikuu<\/b>. Viimeinen tilausp\u00e4iv\u00e4 15.3.2026<\/p>\n<p><strong>2. Valitse sitten pakettien m\u00e4\u00e4r\u00e4. HUOM! Paketti = viisi kirjaa.<\/strong><\/p>\n<p><strong>3. Paina Varaa nyt -painiketta.<\/strong><\/p>\n<p>Jos haluat varata t\u00e4t\u00e4 kirjaa seuraavallekin jaksolle, toista vaiheet kyseisen jakson kohdalle.<\/p>\n","protected":false},"featured_media":0,"comment_status":"closed","ping_status":"closed","template":"","meta":[],"product_brand":[],"product_cat":[],"product_tag":[],"class_list":{"0":"post-3166","1":"product","2":"type-product","3":"status-publish","6":"first","7":"instock","8":"virtual","9":"purchasable","10":"product-type-phive_booking"},"_links":{"self":[{"href":"https:\/\/shop.tampere.fi\/kirjasarjat\/wp-json\/wp\/v2\/product\/3166","targetHints":{"allow":["GET"]}}],"collection":[{"href":"https:\/\/shop.tampere.fi\/kirjasarjat\/wp-json\/wp\/v2\/product"}],"about":[{"href":"https:\/\/shop.tampere.fi\/kirjasarjat\/wp-json\/wp\/v2\/types\/product"}],"replies":[{"embeddable":true,"href":"https:\/\/shop.tampere.fi\/kirjasarjat\/wp-json\/wp\/v2\/comments?post=3166"}],"wp:attachment":[{"href":"https:\/\/shop.tampere.fi\/kirjasarjat\/wp-json\/wp\/v2\/media?parent=3166"}],"wp:term":[{"taxonomy":"product_brand","embeddable":true,"href":"https:\/\/shop.tampere.fi\/kirjasarjat\/wp-json\/wp\/v2\/product_brand?post=3166"},{"taxonomy":"product_cat","embeddable":true,"href":"https:\/\/shop.tampere.fi\/kirjasarjat\/wp-json\/wp\/v2\/product_cat?post=3166"},{"taxonomy":"product_tag","embeddable":true,"href":"https:\/\/shop.tampere.fi\/kirjasarjat\/wp-json\/wp\/v2\/product_tag?post=3166"}],"curies":[{"name":"wp","href":"https:\/\/api.w.org\/{rel}","templated":true}]}}