{"id":3150,"date":"2025-08-13T12:52:20","date_gmt":"2025-08-13T09:52:20","guid":{"rendered":"https:\/\/shop.tampere.fi\/kirjasarjat\/tuote\/kunnas-kirsi-tiitiaisen-satupuu\/"},"modified":"2026-02-06T13:54:22","modified_gmt":"2026-02-06T11:54:22","slug":"kunnas-kirsi-tiitiaisen-satupuu","status":"publish","type":"product","link":"https:\/\/shop.tampere.fi\/kirjasarjat\/tuote\/kunnas-kirsi-tiitiaisen-satupuu\/","title":{"rendered":"Kunnas, Kirsi: Tiiti\u00e4isen satupuu"},"content":{"rendered":"","protected":false},"excerpt":{"rendered":"<p>Lis\u00e4tietoa kirjasta: <a href=\"https:\/\/piki.finna.fi\/Record\/piki.179039\" target=\"_blank&quot;\" rel=\"noopener\">Teostiedot verkkokirjastossa<\/a><\/p>\n<p><strong>1. Valitse ensin varaukseen jakson aloituskuukausi<\/strong><\/p>\n<p>Jakso 2: 27.10.\u201315.12.2025, valitse <b>marraskuu<\/b>. Viimeinen tilausp\u00e4iv\u00e4 19.10.2025<br \/>Jakso 3: 12.1.2026\u20139.3.2026, valitse <b>helmikuu<\/b>. Viimeinen tilausp\u00e4iv\u00e4 4.1.2026<br \/>Jakso 4: 23.3.2026\u201318.5.2026, valitse <b>huhtikuu<\/b>. Viimeinen tilausp\u00e4iv\u00e4 15.3.2026<\/p>\n<p><strong>2. Valitse sitten pakettien m\u00e4\u00e4r\u00e4. HUOM! Paketti = viisi kirjaa.<\/strong><\/p>\n<p><strong>3. Paina Varaa nyt -painiketta.<\/strong><\/p>\n<p>Jos haluat varata t\u00e4t\u00e4 kirjaa seuraavallekin jaksolle, toista vaiheet kyseisen jakson kohdalle.<\/p>\n","protected":false},"featured_media":0,"comment_status":"closed","ping_status":"closed","template":"","meta":[],"product_brand":[],"product_cat":[],"product_tag":[48,38,163],"class_list":{"0":"post-3150","1":"product","2":"type-product","3":"status-publish","5":"product_tag-klassikot","6":"product_tag-runot","7":"product_tag-tampere","9":"first","10":"instock","11":"virtual","12":"purchasable","13":"product-type-phive_booking"},"_links":{"self":[{"href":"https:\/\/shop.tampere.fi\/kirjasarjat\/wp-json\/wp\/v2\/product\/3150","targetHints":{"allow":["GET"]}}],"collection":[{"href":"https:\/\/shop.tampere.fi\/kirjasarjat\/wp-json\/wp\/v2\/product"}],"about":[{"href":"https:\/\/shop.tampere.fi\/kirjasarjat\/wp-json\/wp\/v2\/types\/product"}],"replies":[{"embeddable":true,"href":"https:\/\/shop.tampere.fi\/kirjasarjat\/wp-json\/wp\/v2\/comments?post=3150"}],"wp:attachment":[{"href":"https:\/\/shop.tampere.fi\/kirjasarjat\/wp-json\/wp\/v2\/media?parent=3150"}],"wp:term":[{"taxonomy":"product_brand","embeddable":true,"href":"https:\/\/shop.tampere.fi\/kirjasarjat\/wp-json\/wp\/v2\/product_brand?post=3150"},{"taxonomy":"product_cat","embeddable":true,"href":"https:\/\/shop.tampere.fi\/kirjasarjat\/wp-json\/wp\/v2\/product_cat?post=3150"},{"taxonomy":"product_tag","embeddable":true,"href":"https:\/\/shop.tampere.fi\/kirjasarjat\/wp-json\/wp\/v2\/product_tag?post=3150"}],"curies":[{"name":"wp","href":"https:\/\/api.w.org\/{rel}","templated":true}]}}