{"id":2963,"date":"2025-08-13T12:51:25","date_gmt":"2025-08-13T09:51:25","guid":{"rendered":"https:\/\/shop.tampere.fi\/kirjasarjat\/tuote\/brunila-marjut-immu-ja-torninvartijat\/"},"modified":"2026-04-15T11:33:47","modified_gmt":"2026-04-15T08:33:47","slug":"brunila-marjut-immu-ja-torninvartijat","status":"publish","type":"product","link":"https:\/\/shop.tampere.fi\/kirjasarjat\/tuote\/brunila-marjut-immu-ja-torninvartijat\/","title":{"rendered":"Brunila, Marjut: Immu ja Torninvartijat"},"content":{"rendered":"","protected":false},"excerpt":{"rendered":"<p>Lis\u00e4tietoa kirjasta: <a href=https:\/\/piki.finna.fi\/Record\/piki.4118393 target=_blank\" rel=\"noopener\">Teostiedot verkkokirjastossa<\/a><\/p>\n<p><strong>1. Valitse ensin varaukseen jakso<\/strong><\/p>\n<p>Jakso 1: 17.8.\u20135.10.2026, viimeinen tilausp\u00e4iv\u00e4 9.8.2026<br \/>      Jakso 2: 26.10.\u201314.12.2026, viimeinen tilausp\u00e4iv\u00e4 18.10.2026<br \/>      Jakso 3: 18.1.\u20138.3.2027, viimeinen tilausp\u00e4iv\u00e4 10.1.2027<br \/>     Jakso 4: 5.4.\u201317.5.2027, viimeinen tilausp\u00e4iv\u00e4 28.3.2027<\/p>\n<p><strong>2. Valitse sitten pakettien m\u00e4\u00e4r\u00e4. HUOM! Paketti = viisi kirjaa.<\/strong><\/p>\n<p><strong>3. Paina Varaa nyt -painiketta.<\/strong><\/p>\n<p>Jos haluat varata t\u00e4t\u00e4 kirjaa seuraavallekin jaksolle, toista vaiheet kyseisen jakson kohdalle.<\/p>\n","protected":false},"featured_media":0,"comment_status":"closed","ping_status":"closed","template":"","meta":[],"product_brand":[],"product_cat":[],"product_tag":[],"class_list":{"0":"post-2963","1":"product","2":"type-product","3":"status-publish","6":"first","7":"instock","8":"virtual","9":"purchasable","10":"product-type-phive_booking"},"_links":{"self":[{"href":"https:\/\/shop.tampere.fi\/kirjasarjat\/wp-json\/wp\/v2\/product\/2963","targetHints":{"allow":["GET"]}}],"collection":[{"href":"https:\/\/shop.tampere.fi\/kirjasarjat\/wp-json\/wp\/v2\/product"}],"about":[{"href":"https:\/\/shop.tampere.fi\/kirjasarjat\/wp-json\/wp\/v2\/types\/product"}],"replies":[{"embeddable":true,"href":"https:\/\/shop.tampere.fi\/kirjasarjat\/wp-json\/wp\/v2\/comments?post=2963"}],"wp:attachment":[{"href":"https:\/\/shop.tampere.fi\/kirjasarjat\/wp-json\/wp\/v2\/media?parent=2963"}],"wp:term":[{"taxonomy":"product_brand","embeddable":true,"href":"https:\/\/shop.tampere.fi\/kirjasarjat\/wp-json\/wp\/v2\/product_brand?post=2963"},{"taxonomy":"product_cat","embeddable":true,"href":"https:\/\/shop.tampere.fi\/kirjasarjat\/wp-json\/wp\/v2\/product_cat?post=2963"},{"taxonomy":"product_tag","embeddable":true,"href":"https:\/\/shop.tampere.fi\/kirjasarjat\/wp-json\/wp\/v2\/product_tag?post=2963"}],"curies":[{"name":"wp","href":"https:\/\/api.w.org\/{rel}","templated":true}]}}