{"id":2827,"date":"2025-07-24T12:36:40","date_gmt":"2025-07-24T09:36:40","guid":{"rendered":"https:\/\/shop.tampere.fi\/kirjasarjat\/?post_type=product&#038;p=2827"},"modified":"2026-04-17T09:54:57","modified_gmt":"2026-04-17T06:54:57","slug":"kirjasto-valitsee-kirjat","status":"publish","type":"product","link":"https:\/\/shop.tampere.fi\/kirjasarjat\/tuote\/kirjasto-valitsee-kirjat\/","title":{"rendered":".Kirjasto valitsee kirjat"},"content":{"rendered":"","protected":false},"excerpt":{"rendered":"<p>Kirjasarjojen valinnan voi j\u00e4tt\u00e4\u00e4 my\u00f6s kirjastolle! Valitse vain aika, m\u00e4\u00e4r\u00e4 ja kerro luokka-aste sek\u00e4 mahdolliset genretoiveet.<\/p>\n<p><strong>1. Valitse ensin varaukseen jakso<\/strong><\/p>\n<p>Jakso 1: 17.8.\u20135.10.2026, viimeinen tilausp\u00e4iv\u00e4 9.8.2026<br \/>Jakso 2: 26.10.\u201314.12.2026, viimeinen tilausp\u00e4iv\u00e4 18.10.2026<br \/>Jakso 3: 18.1.\u20138.3.2027, viimeinen tilausp\u00e4iv\u00e4 10.1.2027<br \/>Jakso 4: 5.4.\u201317.5.2027, viimeinen tilausp\u00e4iv\u00e4 28.3.2027<\/p>\n<p><strong>2.<\/strong><strong> Valitse sitten pakettien m\u00e4\u00e4r\u00e4. HUOM! Paketti = viisi kirjaa<\/strong><\/p>\n<p><strong>3. Kirjoita Lis\u00e4merkinn\u00e4t-kentt\u00e4\u00e4n luokka-aste sek\u00e4 mahdolliset genretoiveet.<br \/>MUISTA kertoa my\u00f6s, haluatko kaikki kirjat samaa sarjaa koko luokalle vai pienempi\u00e4 eri\u00e4 useita eri sarjoja (ns. lukupiirikirjat)!<\/strong><\/p>\n<p><strong>4.<\/strong> <strong>Paina Varaa nyt -painiketta.<\/strong><\/p>\n","protected":false},"featured_media":6520,"comment_status":"closed","ping_status":"closed","template":"","meta":[],"product_brand":[],"product_cat":[],"product_tag":[52,44,50,40,48,35,54,38,56,46,42],"class_list":{"0":"post-2827","1":"product","2":"type-product","3":"status-publish","4":"has-post-thumbnail","6":"product_tag-dekkarit","7":"product_tag-fantasia","8":"product_tag-helppolukuiset","9":"product_tag-kauhu","10":"product_tag-klassikot","11":"product_tag-novellit","12":"product_tag-naytelmat","13":"product_tag-runot","14":"product_tag-sarjakuvat","15":"product_tag-scifi","16":"product_tag-selkokirjat","18":"first","19":"instock","20":"virtual","21":"purchasable","22":"product-type-phive_booking"},"_links":{"self":[{"href":"https:\/\/shop.tampere.fi\/kirjasarjat\/wp-json\/wp\/v2\/product\/2827","targetHints":{"allow":["GET"]}}],"collection":[{"href":"https:\/\/shop.tampere.fi\/kirjasarjat\/wp-json\/wp\/v2\/product"}],"about":[{"href":"https:\/\/shop.tampere.fi\/kirjasarjat\/wp-json\/wp\/v2\/types\/product"}],"replies":[{"embeddable":true,"href":"https:\/\/shop.tampere.fi\/kirjasarjat\/wp-json\/wp\/v2\/comments?post=2827"}],"wp:featuredmedia":[{"embeddable":true,"href":"https:\/\/shop.tampere.fi\/kirjasarjat\/wp-json\/wp\/v2\/media\/6520"}],"wp:attachment":[{"href":"https:\/\/shop.tampere.fi\/kirjasarjat\/wp-json\/wp\/v2\/media?parent=2827"}],"wp:term":[{"taxonomy":"product_brand","embeddable":true,"href":"https:\/\/shop.tampere.fi\/kirjasarjat\/wp-json\/wp\/v2\/product_brand?post=2827"},{"taxonomy":"product_cat","embeddable":true,"href":"https:\/\/shop.tampere.fi\/kirjasarjat\/wp-json\/wp\/v2\/product_cat?post=2827"},{"taxonomy":"product_tag","embeddable":true,"href":"https:\/\/shop.tampere.fi\/kirjasarjat\/wp-json\/wp\/v2\/product_tag?post=2827"}],"curies":[{"name":"wp","href":"https:\/\/api.w.org\/{rel}","templated":true}]}}