{"id":69,"date":"2025-05-20T08:31:26","date_gmt":"2025-05-20T05:31:26","guid":{"rendered":"https:\/\/shop.tampere.fi\/kirjasarjat\/?page_id=69"},"modified":"2025-11-25T12:00:54","modified_gmt":"2025-11-25T10:00:54","slug":"toimitusehdot","status":"publish","type":"page","link":"https:\/\/shop.tampere.fi\/kirjasarjat\/toimitusehdot\/","title":{"rendered":"K\u00e4ytt\u00f6s\u00e4\u00e4nn\u00f6t ja toimitusehdot"},"content":{"rendered":"\n<h2 class=\"wp-block-heading\">Kirjasarjapalvelun k\u00e4ytt\u00f6s\u00e4\u00e4nn\u00f6t<\/h2>\n\n\n\n<ol class=\"wp-block-list\">\n<li style=\"margin-bottom:var(--wp--preset--spacing--30)\">Tampereen kaupunginkirjaston kirjasarjapalvelu on tarkoitettu ainoastaan Tampereen perusopetuksen opettajien k\u00e4ytt\u00f6\u00f6n.<\/li>\n\n\n\n<li style=\"margin-bottom:var(--wp--preset--spacing--30)\">Kirjasarjapalveluun sovelletaan kulloinkin voimassa olevia PIKI-kirjastojen k\u00e4ytt\u00f6s\u00e4\u00e4nt\u00f6j\u00e4.<\/li>\n\n\n\n<li style=\"margin-bottom:var(--wp--preset--spacing--30)\">Kirjatilauksia varten tarvitaan t\u00e4ysi-ik\u00e4inen vastuuhenkil\u00f6. Vastuuhenkil\u00f6n ajantasaiset yhteystiedot tulee ilmoittaa jokaisen tilauksen yhteydess\u00e4 ja ne tallennetaan kirjastoj\u00e4rjestelm\u00e4\u00e4n.<\/li>\n\n\n\n<li style=\"margin-bottom:var(--wp--preset--spacing--30);margin-left:0\">Vastuuhenkil\u00f6 vastaa aineiston palauttamisesta ajallaan, seuraa kuljetuksen noutoa ja ilmoittaa mahdollisista ongelmista kirjastolle. Kuljetuksesta my\u00f6h\u00e4styneet kirjat koulun tulee toimittaa kirjastolle ennen seuraavan lainausjakson alkua.<\/li>\n\n\n\n<li style=\"margin-bottom:var(--wp--preset--spacing--30)\">Vastuuhenkil\u00f6 vastaa lainatun aineiston k\u00e4yt\u00f6st\u00e4 koulussa, ja ohjeistaa oppilaita asianmukaisesta k\u00e4yt\u00f6st\u00e4 ja palautuksesta, jos n\u00e4m\u00e4 viev\u00e4t aineistoa kotiin.<\/li>\n\n\n\n<li style=\"margin-bottom:var(--wp--preset--spacing--30)\">Kirjasarjapalvelua k\u00e4ytet\u00e4\u00e4n vain ryhm\u00e4n tarpeisiin, ei henkil\u00f6kohtaiseen lainaamiseen.<\/li>\n\n\n\n<li style=\"margin-bottom:var(--wp--preset--spacing--30)\">Vastuuhenkil\u00f6 ilmoittaa kirjastolle, mik\u00e4li lainoja katoaa tai turmeltuu.<\/li>\n\n\n\n<li style=\"margin-bottom:var(--wp--preset--spacing--30)\">Kirjasto voi laskuttaa kadonneesta tai turmellusta aineistosta. Korvaukset arvioidaan tapauskohtaisesti.<\/li>\n\n\n\n<li style=\"margin-bottom:var(--wp--preset--spacing--30)\">Jos k\u00e4ytt\u00e4j\u00e4 ei noudata s\u00e4\u00e4nt\u00f6j\u00e4 tai kielt\u00e4ytyy aineistokorvauksista, uusia kirjasarjavarauksia ei voi tehd\u00e4.<\/li>\n<\/ol>\n\n\n\n<h2 class=\"wp-block-heading\">Toimitusehdot<\/h2>\n\n\n\n<p>Kirjasarjoja voi tilata vain t\u00e4m\u00e4n sivuston kautta. S\u00e4hk\u00f6postitse tai muulla tavoin tulleita varauksia ei k\u00e4sitell\u00e4.<\/p>\n\n\n\n<p>Tilaukset toimitetaan kouluille ja noudetaan takaisin kirjastoon maksutta erilliskuljetuksina ilmoitettujen lainausjaksojen aikataulujen mukaisesti.<\/p>\n\n\n\n<p>Koulut vastaavat itse lainaamastaan aineistosta sek\u00e4 my\u00f6h\u00e4styneen aineiston toimittamisesta kirjastolle ennen seuraavan lainausjakson alkua. Koulu seuraa kuljetuksen noutoa ja ilmoittaa mahdollisista ongelmista kirjastolle.<\/p>\n\n\n\n<p>Kirjoja toimitetaan vain kuljetusp\u00e4ivin\u00e4, eik\u00e4 niit\u00e4 voi noutaa kirjastosta.<\/p>\n\n\n\n<p>Lainoista l\u00e4hetet\u00e4\u00e4n p\u00e4ivitt\u00e4inen muistutus lainaajalle 5 vrk ennen laina-ajan loppumista. Jakson loppuessa kirjat on toimitettava pakattuina kuljetusyhti\u00f6n kanssa sovittuun paikkaan.<\/p>\n\n\n\n<p><\/p>\n\n\n\n<p><\/p>\n","protected":false},"excerpt":{"rendered":"<p>Kirjasarjapalvelun k\u00e4ytt\u00f6s\u00e4\u00e4nn\u00f6t Toimitusehdot Kirjasarjoja voi tilata vain t\u00e4m\u00e4n sivuston kautta. S\u00e4hk\u00f6postitse tai muulla tavoin tulleita varauksia ei k\u00e4sitell\u00e4. Tilaukset toimitetaan kouluille ja noudetaan takaisin kirjastoon maksutta erilliskuljetuksina ilmoitettujen lainausjaksojen aikataulujen mukaisesti. Koulut vastaavat itse lainaamastaan aineistosta sek\u00e4 my\u00f6h\u00e4styneen aineiston toimittamisesta kirjastolle ennen seuraavan lainausjakson alkua. Koulu seuraa kuljetuksen noutoa ja ilmoittaa mahdollisista ongelmista kirjastolle. Kirjoja [&hellip;]<\/p>\n","protected":false},"author":148,"featured_media":0,"parent":0,"menu_order":0,"comment_status":"closed","ping_status":"closed","template":"","meta":{"footnotes":""},"class_list":["post-69","page","type-page","status-publish","hentry"],"_links":{"self":[{"href":"https:\/\/shop.tampere.fi\/kirjasarjat\/wp-json\/wp\/v2\/pages\/69","targetHints":{"allow":["GET"]}}],"collection":[{"href":"https:\/\/shop.tampere.fi\/kirjasarjat\/wp-json\/wp\/v2\/pages"}],"about":[{"href":"https:\/\/shop.tampere.fi\/kirjasarjat\/wp-json\/wp\/v2\/types\/page"}],"author":[{"embeddable":true,"href":"https:\/\/shop.tampere.fi\/kirjasarjat\/wp-json\/wp\/v2\/users\/148"}],"replies":[{"embeddable":true,"href":"https:\/\/shop.tampere.fi\/kirjasarjat\/wp-json\/wp\/v2\/comments?post=69"}],"version-history":[{"count":9,"href":"https:\/\/shop.tampere.fi\/kirjasarjat\/wp-json\/wp\/v2\/pages\/69\/revisions"}],"predecessor-version":[{"id":5603,"href":"https:\/\/shop.tampere.fi\/kirjasarjat\/wp-json\/wp\/v2\/pages\/69\/revisions\/5603"}],"wp:attachment":[{"href":"https:\/\/shop.tampere.fi\/kirjasarjat\/wp-json\/wp\/v2\/media?parent=69"}],"curies":[{"name":"wp","href":"https:\/\/api.w.org\/{rel}","templated":true}]}}