{"id":3688,"date":"2025-09-11T14:44:26","date_gmt":"2025-09-11T11:44:26","guid":{"rendered":"https:\/\/shop.tampere.fi\/kirjasarjat\/?page_id=3688"},"modified":"2026-04-14T13:42:13","modified_gmt":"2026-04-14T10:42:13","slug":"etusivu-2","status":"publish","type":"page","link":"https:\/\/shop.tampere.fi\/kirjasarjat\/","title":{"rendered":""},"content":{"rendered":"\n<h2 class=\"wp-block-heading\">Tervetuloa kirjasarjapalvelun varauspalveluun!<\/h2>\n\n\n\n<p class=\"has-normal-font-size\">T\u00e4\u00e4ll\u00e4 voit hakea ja tilata kirjasarjakirjoja. Kirjasarjoja voi tilata vain t\u00e4m\u00e4n sivuston kautta. Palvelu on tarkoitettu Tampereen ala- ja yl\u00e4kouluille. Lis\u00e4tietoa kirjasarjapalvelun kotisivuilta <a href=\"https:\/\/www.tampere.fi\/kirjastot\/asiakkaana-kirjastossa\/kirjasarjapalvelu\" data-type=\"link\" data-id=\"https:\/\/www.tampere.fi\/kirjastot\/asiakkaana-kirjastossa\/kirjasarjapalvelu\" target=\"_blank\" rel=\"noreferrer noopener\">tampere.fi\/kirjasarjapalvelu<\/a>.<\/p>\n\n\n\n<p class=\"has-normal-font-size\"><strong>Tutustu ennen varauksen tekoa varauspalvelun <a href=\"https:\/\/shop.tampere.fi\/kirjasarjat\/ohjeet\/\">ohjeisiin<\/a><\/strong>.<\/p>\n\n\n\n<p class=\"has-normal-font-size\" style=\"margin-bottom:5px\">L\u00f6yd\u00e4t valikosta kuvan yl\u00e4puolelta seuraavat linkit:<\/p>\n\n\n\n<ul class=\"wp-block-list\">\n<li class=\"has-normal-font-size\" style=\"margin-top:0;margin-bottom:0\">Kaikki kirjat: Sivulla p\u00e4\u00e4set selaamaan kaikkia kirjasarjapalvelun kirjoja. Sivulla on sinisell\u00e4 pohjalla my\u00f6s hakutoiminto, jolla voit hakea kirjoja kouluasteen tai genren mukaan. &nbsp;Huomaa, ett\u00e4 halutessasi voi valita my\u00f6s kohdan &#8221;Kirjasto valitsee kirjat&#8221;, jolloin l\u00e4het\u00e4mme sinulle tilauslomakkeeseen kirjaamasi toiveiden mukaiset teokset.<\/li>\n\n\n\n<li>Uutta: T\u00e4lle sivulle kootaan kirjasarjapalveluun viimeksi lis\u00e4tyt kirjat.<\/li>\n\n\n\n<li class=\"has-normal-font-size\" style=\"margin-top:0;margin-bottom:0\">Alakoulu: Sivulla p\u00e4\u00e4set selaamaan alakouluille sopivia sarjoja. Sivun vasemmassa reunassa voit tarkentaa hakua eri genreihin.<\/li>\n\n\n\n<li class=\"has-normal-font-size\" style=\"margin-top:0;margin-bottom:0\">Yl\u00e4koulu: Sivulla p\u00e4\u00e4set selaamaan yl\u00e4kouluille sopivia sarjoja. Sivun vasemmassa reunassa voit tarkentaa hakua eri genreihin.<\/li>\n\n\n\n<li class=\"has-normal-font-size\" style=\"margin-top:0;margin-bottom:0\">Ohjeet: Tutustu palvelun toimintaan avaamalla ohjeet. Ne aukeavat uuteen v\u00e4lilehteen ja ne kannattaa pit\u00e4\u00e4 auki ensimm\u00e4isi\u00e4 tilauksia tehdess\u00e4.<\/li>\n\n\n\n<li class=\"has-normal-font-size\" style=\"margin-top:0;margin-bottom:0\">K\u00e4ytt\u00f6s\u00e4\u00e4nn\u00f6t<\/li>\n<\/ul>\n\n\n\n<p class=\"has-normal-font-size\">Kirjoja voi <strong>hakea my\u00f6s oikean yl\u00e4kulman hakutoiminnolla<\/strong> kirjan tai kirjailijan nimell\u00e4.<\/p>\n\n\n\n<p class=\"has-normal-font-size\">Klikkaamalla yksitt\u00e4ist\u00e4 kirjaa p\u00e4\u00e4set sen tuotesivulle, josta l\u00f6ytyy toiseen v\u00e4lilehteen avautuva linkki verkkokirjastoon. Verkkokirjastosta l\u00f6yd\u00e4t tarkemmat tiedot kirjasta ja kansikuvan.<\/p>\n\n\n\n<p><strong>HUOM!<\/strong> Kirjasarjojen kirjat toimitetaan ja noudetaan koululta valitsemasi jakson ensimm\u00e4isell\u00e4 ja viimeisell\u00e4 <strong>viikolla<\/strong> kuljetusyrityksen aikataulun mukaisesti.<\/p>\n\n\n\n<h2 class=\"wp-block-heading\">Lukuvuoden 2026-2027 jaksoaikataulu<\/h2>\n\n\n\n<p>HUOM! Varausten alkamisesta tiedotetaan opettajille erikseen. <\/p>\n\n\n\n<p>Jakso 1: 17.8.2026\u20135.10.2026, viimeinen tilausp\u00e4iv\u00e4 9.8.2026<br>Jakso 2: 26.10.2026\u201314.12.2026, viimeinen tilausp\u00e4iv\u00e4 18.10.2025<br>Jakso 3: 18.1.2027\u20138.3.2027, viimeinen tilausp\u00e4iv\u00e4 10.1.2027<br>Jakso 4: 5.4.2027\u201317.5.2027, viimeinen tilausp\u00e4iv\u00e4 28.3.2027<\/p>\n","protected":false},"excerpt":{"rendered":"<p>Tervetuloa kirjasarjapalvelun varauspalveluun! T\u00e4\u00e4ll\u00e4 voit hakea ja tilata kirjasarjakirjoja. Kirjasarjoja voi tilata vain t\u00e4m\u00e4n sivuston kautta. Palvelu on tarkoitettu Tampereen ala- ja yl\u00e4kouluille. Lis\u00e4tietoa kirjasarjapalvelun kotisivuilta tampere.fi\/kirjasarjapalvelu. Tutustu ennen varauksen tekoa varauspalvelun ohjeisiin. L\u00f6yd\u00e4t valikosta kuvan yl\u00e4puolelta seuraavat linkit: Kirjoja voi hakea my\u00f6s oikean yl\u00e4kulman hakutoiminnolla kirjan tai kirjailijan nimell\u00e4. Klikkaamalla yksitt\u00e4ist\u00e4 kirjaa p\u00e4\u00e4set sen [&hellip;]<\/p>\n","protected":false},"author":148,"featured_media":0,"parent":0,"menu_order":0,"comment_status":"closed","ping_status":"closed","template":"","meta":{"footnotes":""},"class_list":["post-3688","page","type-page","status-publish","hentry"],"_links":{"self":[{"href":"https:\/\/shop.tampere.fi\/kirjasarjat\/wp-json\/wp\/v2\/pages\/3688","targetHints":{"allow":["GET"]}}],"collection":[{"href":"https:\/\/shop.tampere.fi\/kirjasarjat\/wp-json\/wp\/v2\/pages"}],"about":[{"href":"https:\/\/shop.tampere.fi\/kirjasarjat\/wp-json\/wp\/v2\/types\/page"}],"author":[{"embeddable":true,"href":"https:\/\/shop.tampere.fi\/kirjasarjat\/wp-json\/wp\/v2\/users\/148"}],"replies":[{"embeddable":true,"href":"https:\/\/shop.tampere.fi\/kirjasarjat\/wp-json\/wp\/v2\/comments?post=3688"}],"version-history":[{"count":87,"href":"https:\/\/shop.tampere.fi\/kirjasarjat\/wp-json\/wp\/v2\/pages\/3688\/revisions"}],"predecessor-version":[{"id":6464,"href":"https:\/\/shop.tampere.fi\/kirjasarjat\/wp-json\/wp\/v2\/pages\/3688\/revisions\/6464"}],"wp:attachment":[{"href":"https:\/\/shop.tampere.fi\/kirjasarjat\/wp-json\/wp\/v2\/media?parent=3688"}],"curies":[{"name":"wp","href":"https:\/\/api.w.org\/{rel}","templated":true}]}}