{"id":403,"date":"2026-05-09T16:08:03","date_gmt":"2026-05-09T13:08:03","guid":{"rendered":"https:\/\/shop.tampere.fi\/amurinmuseokortteli\/tuote\/vuokrapefletti\/"},"modified":"2026-05-11T14:33:56","modified_gmt":"2026-05-11T11:33:56","slug":"vuokrapefletti","status":"publish","type":"product","link":"https:\/\/shop.tampere.fi\/amurinmuseokortteli\/tuote\/vuokrapefletti\/","title":{"rendered":"Vuokralaudeliina"},"content":{"rendered":"<p>Vuokraa meilt\u00e4 saunavuorosi ajaksi pellavainen laudeliina (46 x 60 cm).<\/p>\n<p>Laudeliinoja on my\u00f6s myyt\u00e4v\u00e4n\u00e4 sek\u00e4 verkkokaupassamme ett\u00e4 Amurin museokorttelin lippumyym\u00e4l\u00e4ss\u00e4.\u00a0<\/p>\n","protected":false},"excerpt":{"rendered":"<p>Vuokraa meilt\u00e4 saunavuorosi ajaksi pellavainen laudeliina (46 x 60 cm). Laudeliinoja on my\u00f6s myyt\u00e4v\u00e4n\u00e4 sek\u00e4 verkkokaupassamme ett\u00e4 Amurin museokorttelin lippumyym\u00e4l\u00e4ss\u00e4.\u00a0<\/p>\n","protected":false},"featured_media":397,"template":"","meta":[],"product_brand":[],"product_cat":[43],"product_tag":[],"class_list":{"0":"post-403","1":"product","2":"type-product","3":"status-publish","4":"has-post-thumbnail","6":"product_cat-amurin-sauna","8":"first","9":"instock","10":"virtual","11":"taxable","12":"purchasable","13":"product-type-simple"},"_links":{"self":[{"href":"https:\/\/shop.tampere.fi\/amurinmuseokortteli\/wp-json\/wp\/v2\/product\/403","targetHints":{"allow":["GET"]}}],"collection":[{"href":"https:\/\/shop.tampere.fi\/amurinmuseokortteli\/wp-json\/wp\/v2\/product"}],"about":[{"href":"https:\/\/shop.tampere.fi\/amurinmuseokortteli\/wp-json\/wp\/v2\/types\/product"}],"wp:featuredmedia":[{"embeddable":true,"href":"https:\/\/shop.tampere.fi\/amurinmuseokortteli\/wp-json\/wp\/v2\/media\/397"}],"wp:attachment":[{"href":"https:\/\/shop.tampere.fi\/amurinmuseokortteli\/wp-json\/wp\/v2\/media?parent=403"}],"wp:term":[{"taxonomy":"product_brand","embeddable":true,"href":"https:\/\/shop.tampere.fi\/amurinmuseokortteli\/wp-json\/wp\/v2\/product_brand?post=403"},{"taxonomy":"product_cat","embeddable":true,"href":"https:\/\/shop.tampere.fi\/amurinmuseokortteli\/wp-json\/wp\/v2\/product_cat?post=403"},{"taxonomy":"product_tag","embeddable":true,"href":"https:\/\/shop.tampere.fi\/amurinmuseokortteli\/wp-json\/wp\/v2\/product_tag?post=403"}],"curies":[{"name":"wp","href":"https:\/\/api.w.org\/{rel}","templated":true}]}}