{"id":400,"date":"2026-05-09T16:08:01","date_gmt":"2026-05-09T13:08:01","guid":{"rendered":"https:\/\/shop.tampere.fi\/amurinmuseokortteli\/tuote\/vuokrapyyhe\/"},"modified":"2026-05-11T14:34:25","modified_gmt":"2026-05-11T11:34:25","slug":"vuokrapyyhe","status":"publish","type":"product","link":"https:\/\/shop.tampere.fi\/amurinmuseokortteli\/tuote\/vuokrapyyhe\/","title":{"rendered":"Vuokrapyyhe"},"content":{"rendered":"<p><span class=\"TextRun SCXW136313971 BCX8\" lang=\"FI-FI\" data-contrast=\"auto\"><span class=\"NormalTextRun SCXW136313971 BCX8\">Vuokraa meilt\u00e4 saunavuorosi ajaksi pellavainen\u00a0<\/span><span class=\"NormalTextRun SCXW136313971 BCX8\">pyyhe<\/span><span class=\"NormalTextRun SCXW136313971 BCX8\">\u00a0(<\/span><span class=\"NormalTextRun SCXW136313971 BCX8\">95 x 180 cm<\/span><span class=\"NormalTextRun SCXW136313971 BCX8\">)<\/span><span class=\"NormalTextRun SCXW136313971 BCX8\">.<\/span><\/span><\/p>\n<p><span class=\"TextRun SCXW136313971 BCX8\" lang=\"FI-FI\" data-contrast=\"auto\"><span class=\"NormalTextRun SCXW136313971 BCX8\">Pyyhkeit\u00e4 on<\/span><span class=\"NormalTextRun SCXW136313971 BCX8\">\u00a0<\/span><span class=\"NormalTextRun SCXW136313971 BCX8\">my\u00f6s\u00a0<\/span><span class=\"NormalTextRun SCXW136313971 BCX8\">myyt\u00e4v\u00e4n\u00e4 sek\u00e4 verkkokaupassamme ett\u00e4 Amurin museokorttelin\u00a0<\/span><\/span><span class=\"TextRun SCXW136313971 BCX8\" lang=\"FI-FI\" data-contrast=\"none\"><span class=\"NormalTextRun SCXW136313971 BCX8\">lippumyym\u00e4l\u00e4ss\u00e4.<\/span><\/span><\/p>\n","protected":false},"excerpt":{"rendered":"<p>Vuokraa meilt\u00e4 saunavuorosi ajaksi pellavainen\u00a0pyyhe\u00a0(95 x 180 cm). Pyyhkeit\u00e4 on\u00a0my\u00f6s\u00a0myyt\u00e4v\u00e4n\u00e4 sek\u00e4 verkkokaupassamme ett\u00e4 Amurin museokorttelin\u00a0lippumyym\u00e4l\u00e4ss\u00e4.<\/p>\n","protected":false},"featured_media":397,"template":"","meta":[],"product_brand":[],"product_cat":[43],"product_tag":[],"class_list":{"0":"post-400","1":"product","2":"type-product","3":"status-publish","4":"has-post-thumbnail","6":"product_cat-amurin-sauna","8":"first","9":"instock","10":"virtual","11":"taxable","12":"purchasable","13":"product-type-simple"},"_links":{"self":[{"href":"https:\/\/shop.tampere.fi\/amurinmuseokortteli\/wp-json\/wp\/v2\/product\/400","targetHints":{"allow":["GET"]}}],"collection":[{"href":"https:\/\/shop.tampere.fi\/amurinmuseokortteli\/wp-json\/wp\/v2\/product"}],"about":[{"href":"https:\/\/shop.tampere.fi\/amurinmuseokortteli\/wp-json\/wp\/v2\/types\/product"}],"wp:featuredmedia":[{"embeddable":true,"href":"https:\/\/shop.tampere.fi\/amurinmuseokortteli\/wp-json\/wp\/v2\/media\/397"}],"wp:attachment":[{"href":"https:\/\/shop.tampere.fi\/amurinmuseokortteli\/wp-json\/wp\/v2\/media?parent=400"}],"wp:term":[{"taxonomy":"product_brand","embeddable":true,"href":"https:\/\/shop.tampere.fi\/amurinmuseokortteli\/wp-json\/wp\/v2\/product_brand?post=400"},{"taxonomy":"product_cat","embeddable":true,"href":"https:\/\/shop.tampere.fi\/amurinmuseokortteli\/wp-json\/wp\/v2\/product_cat?post=400"},{"taxonomy":"product_tag","embeddable":true,"href":"https:\/\/shop.tampere.fi\/amurinmuseokortteli\/wp-json\/wp\/v2\/product_tag?post=400"}],"curies":[{"name":"wp","href":"https:\/\/api.w.org\/{rel}","templated":true}]}}