{"id":209,"date":"2026-05-06T17:33:38","date_gmt":"2026-05-06T14:33:38","guid":{"rendered":"https:\/\/shop.tampere.fi\/amurinmuseokortteli\/tuote\/saunalippu\/"},"modified":"2026-05-11T15:27:32","modified_gmt":"2026-05-11T12:27:32","slug":"saunalippu","status":"publish","type":"product","link":"https:\/\/shop.tampere.fi\/amurinmuseokortteli\/tuote\/saunalippu\/","title":{"rendered":"Yleis\u00f6vuoro naiset keskiviikkoisin klo 18\u201319.45"},"content":{"rendered":"<p class=\"MsoNormal\">Tervetuloa saunomaan Amurin museokortteliin!\u00a0<\/p>\n<p class=\"MsoNormal\">Tarjoamme kes\u00e4ll\u00e4 2026 museosaunael\u00e4myksi\u00e4 sek\u00e4 yksitt\u00e4isille k\u00e4vij\u00f6ille ett\u00e4 ryhmille. Koska museon saunassa ei ole erillisi\u00e4 naisten ja miesten pukuhuone-, pesu- ja saunatiloja, yleis\u00f6vuorot ovat vuorop\u00e4ivin\u00e4 joko naisten tai miesten vuoroja. My\u00f6s ryhm\u00e4varauksen tekij\u00f6iden on syyt\u00e4 huomioida, ett\u00e4 kaikki pukeutuvat, peseytyv\u00e4t ja saunovat samoissa tiloissa. Sauna ei ole esteet\u00f6n.\u00a0<br \/>\u00a0<br \/>\u2022 \u00a0 \u00a0Osta p\u00e4\u00e4sylippusi etuk\u00e4teen museon verkkokaupasta. Ennakkoon ostettu lippu skannataan museokorttelin sis\u00e4\u00e4nk\u00e4ynnin yhteydess\u00e4 sijaitsevassa lippumyym\u00e4l\u00e4ss\u00e4. Jos saunomaan mahtuu, maksun voi suorittaa my\u00f6s paikan p\u00e4\u00e4ll\u00e4. Lipunmyynti verkossa p\u00e4\u00e4ttyy 2 tuntia ennen saunavuoron alkua.\u00a0<br \/>\u2022 \u00a0 \u00a0Ota mukaan oma pyyhe, istuinalusta ja pesuaineet. Pyyhkeit\u00e4 ja laudeliinoja voi my\u00f6s vuokrata saunalta tai ennakkoon museon verkkokaupasta.\u00a0<br \/>\u2022 \u00a0 \u00a0Voit tuoda mukana omat alkoholittomat muovipullossa olevat saunajuomasi. Juomia myyd\u00e4\u00e4n my\u00f6s saunalla.\u00a0<br \/>\u2022 \u00a0 \u00a0Saunalipullasi p\u00e4\u00e4set sis\u00e4\u00e4n museokortteliin klo 18 alkaen (yleis\u00f6vuorot) tai klo 20 alkaen (ryhm\u00e4t).<\/p>\n<p>\u00a0<\/p>\n<p class=\"MsoNormal\">ke 27.5. naisten vuoro klo 18\u201319.45<\/p>\n<p class=\"MsoNormal\">ke 24.6. naisten vuoro klo 18\u201319.45<\/p>\n<p class=\"MsoNormal\">ke 29.7. naisten vuoro klo 18\u201319.45<\/p>\n<p class=\"MsoNormal\">ke 26.8. naisten vuoro klo 18\u201319.45<\/p>\n<p class=\"MsoNormal\">ke 23.9. naisten vuoro klo 18\u201319.45<\/p>\n<p class=\"MsoNormal\">\u00a0<\/p>\n<p class=\"MsoNormal\">Yksityinen vuoro klo 20-21.45 varattavissa erikseen.<\/p>\n<p class=\"MsoNormal\">Muina aikoina saunavuoroja ei ole mahdollista j\u00e4rjest\u00e4\u00e4.<\/p>\n","protected":false},"excerpt":{"rendered":"<p>Tervetuloa saunomaan Amurin museokortteliin!\u00a0 Tarjoamme kes\u00e4ll\u00e4 2026 museosaunael\u00e4myksi\u00e4 sek\u00e4 yksitt\u00e4isille k\u00e4vij\u00f6ille ett\u00e4 ryhmille. Koska museon saunassa ei ole erillisi\u00e4 naisten ja miesten pukuhuone-, pesu- ja saunatiloja, yleis\u00f6vuorot ovat vuorop\u00e4ivin\u00e4 joko naisten tai miesten vuoroja. My\u00f6s ryhm\u00e4varauksen tekij\u00f6iden on syyt\u00e4 huomioida, ett\u00e4 kaikki pukeutuvat, peseytyv\u00e4t ja saunovat samoissa tiloissa. Sauna ei ole esteet\u00f6n.\u00a0\u00a0\u2022 \u00a0 \u00a0Osta p\u00e4\u00e4sylippusi [&hellip;]<\/p>\n","protected":false},"featured_media":388,"template":"","meta":[],"product_brand":[],"product_cat":[43],"product_tag":[],"class_list":{"0":"post-209","1":"product","2":"type-product","3":"status-publish","4":"has-post-thumbnail","6":"product_cat-amurin-sauna","8":"first","9":"instock","10":"virtual","11":"taxable","12":"purchasable","13":"product-type-phive_booking"},"_links":{"self":[{"href":"https:\/\/shop.tampere.fi\/amurinmuseokortteli\/wp-json\/wp\/v2\/product\/209","targetHints":{"allow":["GET"]}}],"collection":[{"href":"https:\/\/shop.tampere.fi\/amurinmuseokortteli\/wp-json\/wp\/v2\/product"}],"about":[{"href":"https:\/\/shop.tampere.fi\/amurinmuseokortteli\/wp-json\/wp\/v2\/types\/product"}],"wp:featuredmedia":[{"embeddable":true,"href":"https:\/\/shop.tampere.fi\/amurinmuseokortteli\/wp-json\/wp\/v2\/media\/388"}],"wp:attachment":[{"href":"https:\/\/shop.tampere.fi\/amurinmuseokortteli\/wp-json\/wp\/v2\/media?parent=209"}],"wp:term":[{"taxonomy":"product_brand","embeddable":true,"href":"https:\/\/shop.tampere.fi\/amurinmuseokortteli\/wp-json\/wp\/v2\/product_brand?post=209"},{"taxonomy":"product_cat","embeddable":true,"href":"https:\/\/shop.tampere.fi\/amurinmuseokortteli\/wp-json\/wp\/v2\/product_cat?post=209"},{"taxonomy":"product_tag","embeddable":true,"href":"https:\/\/shop.tampere.fi\/amurinmuseokortteli\/wp-json\/wp\/v2\/product_tag?post=209"}],"curies":[{"name":"wp","href":"https:\/\/api.w.org\/{rel}","templated":true}]}}