{"id":192,"date":"2026-05-06T16:33:03","date_gmt":"2026-05-06T13:33:03","guid":{"rendered":"https:\/\/shop.tampere.fi\/amurinmuseokortteli\/tuote\/paivakohtainen-paasylippu\/"},"modified":"2026-05-11T18:10:42","modified_gmt":"2026-05-11T15:10:42","slug":"paivakohtainen-paasylippu","status":"publish","type":"product","link":"https:\/\/shop.tampere.fi\/amurinmuseokortteli\/tuote\/paivakohtainen-paasylippu\/","title":{"rendered":"P\u00e4iv\u00e4kohtainen p\u00e4\u00e4sylippu"},"content":{"rendered":"<p>Ennakkoon verkosta ostettu p\u00e4\u00e4sylippu oikeuttaa sis\u00e4\u00e4np\u00e4\u00e4syyn Amurin museokortteliin valittuna p\u00e4iv\u00e4n\u00e4. Lippuja myyd\u00e4\u00e4n Amurin museokorttelin lippukioskilla museoalueen sis\u00e4\u00e4nk\u00e4ynnin yhteydess\u00e4, jossa skannataan my\u00f6s ennakkoon ostettujen p\u00e4\u00e4sylippujen QR-koodit. Varauduthan esitt\u00e4m\u00e4\u00e4n mahdollisen alennukseen oikeuttavan todistuksen.<\/p>\n<p>Mik\u00e4li sinulla on Museokortti, voit varata sis\u00e4\u00e4np\u00e4\u00e4syn verkkokaupastamme. Voimassa oleva Museokortti tulee esitt\u00e4\u00e4 p\u00e4\u00e4sylipun skannauksen yhteydess\u00e4.<\/p>\n<p>Kaikkien verkosta ostamallesi lipulle kirjattujen osallistujien tulee saapua museolle samaan aikaan.<\/p>\n<p>Amurin museokortteli on avoinna kes\u00e4kaudella 12.5. &#8211; 6.9. ti-su 10:00-18:00.<\/p>\n<p>Pyh\u00e4p\u00e4ivien vaikutus ja muut poikkeukset aukioloihin: <a href=\"https:\/\/www.amurinmuseokortteli.fi\/\" target=\"_blank\" rel=\"noopener\">www.amurinmuseokortteli.fi<\/a><\/p>\n<p>&nbsp;<\/p>\n<p><strong>Huomioithan ett\u00e4 Amurin museokortteliin on ilmainen sis\u00e4\u00e4np\u00e4\u00e4sy perjantaisin 15:00-18:00.<\/strong><\/p>\n<p><strong>Amurin museokorttelin ja kahvila Amurin Helmen sis\u00e4tilat eiv\u00e4t ole esteett\u00f6mi\u00e4. Piha-alueelle on esteet\u00f6n p\u00e4\u00e4sy vain kes\u00e4isin. Opas- ja avustajakoirat sek\u00e4 edell\u00e4 mainittuihin teht\u00e4viin harjoittelevat, asianmukaisesti merkityt koirat ovat tervetulleita. Omia lemmikkiel\u00e4imi\u00e4 ei allergiasyist\u00e4 voi tuoda mukanaan sis\u00e4tiloihin.<\/strong><\/p>\n<p>&nbsp;<\/p>\n<p>Valitse lippusi seuraavista vaihtoehdoista:<\/p>\n","protected":false},"excerpt":{"rendered":"<p>Ennakkoon verkosta ostettu p\u00e4\u00e4sylippu oikeuttaa sis\u00e4\u00e4np\u00e4\u00e4syyn Amurin museokortteliin valittuna p\u00e4iv\u00e4n\u00e4. Lippuja myyd\u00e4\u00e4n Amurin museokorttelin lippukioskilla museoalueen sis\u00e4\u00e4nk\u00e4ynnin yhteydess\u00e4, jossa skannataan my\u00f6s ennakkoon ostettujen p\u00e4\u00e4sylippujen QR-koodit. Varauduthan esitt\u00e4m\u00e4\u00e4n mahdollisen alennukseen oikeuttavan todistuksen. Mik\u00e4li sinulla on Museokortti, voit varata sis\u00e4\u00e4np\u00e4\u00e4syn verkkokaupastamme. Voimassa oleva Museokortti tulee esitt\u00e4\u00e4 p\u00e4\u00e4sylipun skannauksen yhteydess\u00e4. Kaikkien verkosta ostamallesi lipulle kirjattujen osallistujien tulee saapua [&hellip;]<\/p>\n","protected":false},"featured_media":259,"template":"","meta":[],"product_brand":[],"product_cat":[40],"product_tag":[],"class_list":{"0":"post-192","1":"product","2":"type-product","3":"status-publish","4":"has-post-thumbnail","6":"product_cat-amurin-museokortteli","8":"first","9":"instock","10":"virtual","11":"taxable","12":"purchasable","13":"product-type-phive_booking"},"_links":{"self":[{"href":"https:\/\/shop.tampere.fi\/amurinmuseokortteli\/wp-json\/wp\/v2\/product\/192","targetHints":{"allow":["GET"]}}],"collection":[{"href":"https:\/\/shop.tampere.fi\/amurinmuseokortteli\/wp-json\/wp\/v2\/product"}],"about":[{"href":"https:\/\/shop.tampere.fi\/amurinmuseokortteli\/wp-json\/wp\/v2\/types\/product"}],"wp:featuredmedia":[{"embeddable":true,"href":"https:\/\/shop.tampere.fi\/amurinmuseokortteli\/wp-json\/wp\/v2\/media\/259"}],"wp:attachment":[{"href":"https:\/\/shop.tampere.fi\/amurinmuseokortteli\/wp-json\/wp\/v2\/media?parent=192"}],"wp:term":[{"taxonomy":"product_brand","embeddable":true,"href":"https:\/\/shop.tampere.fi\/amurinmuseokortteli\/wp-json\/wp\/v2\/product_brand?post=192"},{"taxonomy":"product_cat","embeddable":true,"href":"https:\/\/shop.tampere.fi\/amurinmuseokortteli\/wp-json\/wp\/v2\/product_cat?post=192"},{"taxonomy":"product_tag","embeddable":true,"href":"https:\/\/shop.tampere.fi\/amurinmuseokortteli\/wp-json\/wp\/v2\/product_tag?post=192"}],"curies":[{"name":"wp","href":"https:\/\/api.w.org\/{rel}","templated":true}]}}